{"id":3013,"date":"2025-10-14T19:53:46","date_gmt":"2025-10-14T19:53:46","guid":{"rendered":"https:\/activities\/"},"modified":"2025-10-14T19:53:46","modified_gmt":"2025-10-14T19:53:46","slug":"activities","status":"publish","type":"page","link":"https:\/\/campingrhodes.fr\/en\/activities\/","title":{"rendered":"Activities"},"content":{"rendered":"<div class=\"wpb-content-wrapper\"><p>[vc_row css=&#8221;.vc_custom_1517840861749{margin-top: 50px !important;margin-bottom: 50px !important;}&#8221;][vc_column][vc_custom_heading text=&#8221;Camping Rhodes offers for rent:&#8221; font_container=&#8221;tag:h2|text_align:center&#8221; use_theme_fonts=&#8221;yes&#8221;][\/vc_column][\/vc_row][vc_row][vc_column css_animation=&#8221;fadeIn&#8221; width=&#8221;1\/3&#8243;][vc_single_image image=&#8221;2458&#8243; img_size=&#8221;full&#8221; css=&#8221;.vc_custom_1517843139739{margin-bottom: 0px !important;border-bottom-width: 0px !important;}&#8221;][vc_custom_heading text=&#8221;Canoes&#8221; font_container=&#8221;tag:h3|text_align:center&#8221; use_theme_fonts=&#8221;yes&#8221;][vc_column_text]<\/p>\n<p style=\"text-align: center;\">To discover the banks of Stock pond.<br \/>\nWe provide you with safety equipment[\/vc_column_text][\/vc_column][vc_column css_animation=&#8221;fadeIn&#8221; width=&#8221;1\/3&#8243;][vc_single_image image=&#8221;2734&#8243; img_size=&#8221;full&#8221; css=&#8221;.vc_custom_1518172747826{margin-bottom: 0px !important;}&#8221;][vc_custom_heading text=&#8221;boats&#8221; font_container=&#8221;tag:h3|text_align:center&#8221; use_theme_fonts=&#8221;yes&#8221;][vc_column_text]<\/p>\n<p style=\"text-align: center;\">For <strong>fishing<\/strong> enthusiasts, we offer a <strong>boat<\/strong> from the fishing association<\/p>\n<p>[\/vc_column_text][\/vc_column][vc_column css_animation=&#8221;fadeIn&#8221; width=&#8221;1\/3&#8243;][vc_single_image image=&#8221;2455&#8243; img_size=&#8221;full&#8221; css=&#8221;.vc_custom_1517843167547{margin-bottom: 0px !important;}&#8221;][vc_custom_heading text=&#8221;Paddle boards&#8221; font_container=&#8221;tag:h3|text_align:center&#8221; use_theme_fonts=&#8221;yes&#8221;][vc_column_text]<\/p>\n<p style=\"text-align: center;\">To discover the banks of Stock pond.<br \/>\nWe provide you with safety equipment[\/vc_column_text][\/vc_column][\/vc_row][vc_row][vc_column width=&#8221;1\/3&#8243;][vc_message message_box_style=&#8221;solid-icon&#8221; style=&#8221;square&#8221; message_box_color=&#8221;blue&#8221;]<\/p>\n<ul>\n<li><a href=\"http:\/\/aappma-sarrebourg.com\/\" target=\"_blank\" rel=\"noopener\">Find all the regulations on the fiching activities<\/a><\/li>\n<li><a href=\"https:\/\/www.cartedepeche.fr\/\" target=\"_blank\" rel=\"noopener\">Buy your fishing card online<\/a><\/li>\n<\/ul>\n<p>[\/vc_message][\/vc_column][vc_column width=&#8221;1\/3&#8243;][vc_single_image image=&#8221;2709&#8243; img_size=&#8221;full&#8221; css=&#8221;.vc_custom_1520261684808{margin-bottom: 0px !important;border-bottom-width: 0px !important;}&#8221;][vc_custom_heading text=&#8221;Tennis&#8221; font_container=&#8221;tag:h3|text_align:center&#8221; use_theme_fonts=&#8221;yes&#8221;][vc_column_text]<\/p>\n<p style=\"text-align: center;\">From the campsite you can rent a <strong>covered<\/strong> or <strong>outdoor<\/strong> <strong>tennis<\/strong> court.<\/p>\n<p style=\"text-align: center;\">Tennis is 500 m from the campsite.<\/p>\n<p>[\/vc_column_text][\/vc_column][\/vc_row][vc_row css=&#8221;.vc_custom_1517840861749{margin-top: 50px !important;margin-bottom: 50px !important;}&#8221;][vc_column][vc_custom_heading text=&#8221;Around Rhodes, you will find endless leisure opportunities &#8230;.&#8221; font_container=&#8221;tag:h2|text_align:center&#8221; use_theme_fonts=&#8221;yes&#8221;][\/vc_column][\/vc_row][vc_row full_width=&#8221;stretch_row&#8221; css_animation=&#8221;fadeInLeft&#8221; css=&#8221;.vc_custom_1517846657306{background-color: #eeeeee !important;}&#8221;][vc_column width=&#8221;2\/3&#8243;][vc_custom_heading text=&#8221;Animal Park of St. Croix&#8221; font_container=&#8221;tag:h3|text_align:left&#8221; use_theme_fonts=&#8221;yes&#8221;][vc_column_text]With more than 325,000 visitors a year, Sainte-Croix Animal Park has become in 38 years a reference in France and Europe for the presentation of European fauna and endangered global species.<strong> In 2018, The Animal Park will welcome the giant of the great North, the momentum, and will take you to meet the great wild animals of Europe through a new experience<\/strong> &#8220;<strong>\u00a0<\/strong><a href=\"https:\/\/parcsaintecroix.com\/incontournables\/expedition-sauvage\" target=\"_blank\" rel=\"noopener\">The wild safari-train expedition<\/a>&#8220;!<\/p>\n<p>In a haven of greenery of 120 hectares, 3 discovery trails take you to meet more than 1500 animals from 100 species living in semi-freedom. Bear, deer, lynx, wolverines, lemurs, red pandas and several packs of wolves will have no secrets for you![\/vc_column_text][vc_btn title=&#8221;See more&#8221; style=&#8221;flat&#8221; color=&#8221;green&#8221; size=&#8221;sm&#8221; align=&#8221;left&#8221; link=&#8221;url:https%3A%2F%2Fparcsaintecroix.com%2F|target:%20_blank|&#8221;][\/vc_column][vc_column width=&#8221;1\/3&#8243;][vc_single_image image=&#8221;2481&#8243; img_size=&#8221;full&#8221;][\/vc_column][\/vc_row][vc_row full_width=&#8221;stretch_row&#8221; css_animation=&#8221;fadeInRight&#8221; css=&#8221;.vc_custom_1517846668815{background-color: #ffffff !important;}&#8221;][vc_column width=&#8221;1\/4&#8243;][vc_single_image image=&#8221;2705&#8243; img_size=&#8221;full&#8221;][\/vc_column][vc_column width=&#8221;3\/4&#8243;][vc_custom_heading text=&#8221;Center Parcs les 3 for\u00eats for the day&#8221; font_container=&#8221;tag:h3|text_align:right&#8221; use_theme_fonts=&#8221;yes&#8221;][vc_column_text]<\/p>\n<div id=\"gt-src-c\" class=\"g-unit\" style=\"text-align: right;\">\n<div id=\"gt-src-p\">\n<div id=\"gt-src-wrap\" class=\"\"><\/div>\n<\/div>\n<\/div>\n<div id=\"gt-res-c\" class=\"g-unit\" style=\"text-align: right;\">\n<div id=\"gt-res-p\">\n<div id=\"gt-res-data\">\n<div id=\"gt-res-wrap\">\n<div id=\"gt-res-content\">\n<div id=\"gt-res-dir-ctr\" class=\"trans-verified-button-small\" dir=\"ltr\"><span id=\"result_box\" class=\"\" lang=\"en\">Do you dream of pools and palm trees?<br \/>\nNo need to go to the other side of the world but 30 minutes from Rhodes, Center Parcs offers it on a silver platter.\u00a0Immerse yourself in the tropical atmosphere of our Aqua Mundo water park.<br \/>\n<span class=\"\">Young and old will fully enjoy the many water games!<\/span><\/span><\/div>\n<\/div>\n<\/div>\n<\/div>\n<\/div>\n<\/div>\n<p>[\/vc_column_text][vc_btn title=&#8221;See more&#8221; style=&#8221;flat&#8221; color=&#8221;green&#8221; size=&#8221;sm&#8221; align=&#8221;right&#8221; link=&#8221;url:https%3A%2F%2Fwww.journee-centerparcs.fr%2Fles-trois-forets%2FFR|target:%20_blank|&#8221;][\/vc_column][\/vc_row][vc_row full_width=&#8221;stretch_row&#8221; css_animation=&#8221;fadeInRight&#8221; css=&#8221;.vc_custom_1517846668815{background-color: #ffffff !important;}&#8221;][vc_column width=&#8221;2\/3&#8243;][vc_custom_heading text=&#8221;Hiking trails&#8221; font_container=&#8221;tag:h3|text_align:right&#8221; use_theme_fonts=&#8221;yes&#8221;][vc_column_text]<\/p>\n<p style=\"text-align: right;\">Among other circuits of hikes and walks, the <strong>GR5<\/strong> is close to the campsite.<br \/>\nYou can discover the splendours of the surrounding nature.[\/vc_column_text][\/vc_column][vc_column width=&#8221;1\/3&#8243;][vc_single_image image=&#8221;2869&#8243; img_size=&#8221;full&#8221;][\/vc_column][\/vc_row][vc_row full_width=&#8221;stretch_row&#8221; css_animation=&#8221;fadeInLeft&#8221; css=&#8221;.vc_custom_1517846689810{background-color: #eeeeee !important;}&#8221;][vc_column width=&#8221;1\/3&#8243;][vc_single_image image=&#8221;2485&#8243; img_size=&#8221;full&#8221;][\/vc_column][vc_column width=&#8221;2\/3&#8243;][vc_custom_heading text=&#8221;Bike trek&#8221; font_container=&#8221;tag:h3|text_align:left&#8221; use_theme_fonts=&#8221;yes&#8221;][vc_column_text]<strong>The Pays des Etangs is a cycling paradise<\/strong> as the landscapes are endearing, relaxing and the roads really nice to bike. From the small village of Rhodes at the edge of the pond Stock you will follow the gentle undulations of the landscape that will take you through the countryside and nature still very preserved from this corner of Moselle in the Regional Natural Park of Lorraine.<\/p>\n<p>Circuit maps available at the campsite reception.[\/vc_column_text][\/vc_column][\/vc_row][vc_row full_width=&#8221;stretch_row&#8221; css_animation=&#8221;fadeInRight&#8221; css=&#8221;.vc_custom_1517846668815{background-color: #ffffff !important;}&#8221;][vc_column width=&#8221;2\/3&#8243;][vc_custom_heading text=&#8221;Domaine de Lindre&#8221; font_container=&#8221;tag:h3|text_align:right&#8221; use_theme_fonts=&#8221;yes&#8221;][vc_column_text]<\/p>\n<p style=\"text-align: right;\">The Lindre Estate is a rich natural site. Its jewel, Lindre Pond, and its 11 satellite ponds are home to a diverse fauna and flora. Their biodiversity is extraordinary: 248 species of birds, 11 species of amphibians, several protected plants, 4 species of reptiles, countless species of insects, a multitude of pond fish and other abundant aquatic fauna.<\/p>\n<p style=\"text-align: right;\">Thanks to this biodiversity, the Domaine de Lindre and its rich neighbor, the Romersberg Forest, benefit from the RAMSAR international recognition label and are registered in a NATURA 2000 area. The Lindre Estate is also located in the East Zone of the Regional Natural Park. Lorraine in the heart of Pays des Etangs.<\/p>\n<p>[\/vc_column_text][vc_btn title=&#8221;See more&#8221; style=&#8221;flat&#8221; color=&#8221;green&#8221; size=&#8221;sm&#8221; align=&#8221;right&#8221; link=&#8221;url:http%3A%2F%2Fwww.domainedelindre.com%2F|target:%20_blank|&#8221;][\/vc_column][vc_column width=&#8221;1\/3&#8243;][vc_single_image image=&#8221;2701&#8243; img_size=&#8221;full&#8221;][\/vc_column][\/vc_row][vc_row full_width=&#8221;stretch_row&#8221; css_animation=&#8221;fadeInLeft&#8221; disable_element=&#8221;yes&#8221; css=&#8221;.vc_custom_1520261905808{background-color: #eeeeee !important;}&#8221;][vc_column width=&#8221;1\/4&#8243;][vc_single_image image=&#8221;2709&#8243; img_size=&#8221;full&#8221;][\/vc_column][vc_column width=&#8221;3\/4&#8243;][vc_custom_heading text=&#8221;Tennis&#8221; font_container=&#8221;tag:h3|text_align:left&#8221; use_theme_fonts=&#8221;yes&#8221;][vc_column_text]From the campsite you can rent a <strong>covered<\/strong> or <strong>outdoor<\/strong> <strong>tennis<\/strong> court.<\/p>\n<p>Tennis is 500 m from the campsite.[\/vc_column_text][\/vc_column][\/vc_row][vc_row full_width=&#8221;stretch_row&#8221; css_animation=&#8221;fadeInRight&#8221; disable_element=&#8221;yes&#8221; css=&#8221;.vc_custom_1520261914955{background-color: #ffffff !important;}&#8221;][vc_column width=&#8221;2\/3&#8243;][vc_custom_heading text=&#8221;Stock Wave&#8221; font_container=&#8221;tag:h3|text_align:right&#8221; use_theme_fonts=&#8221;yes&#8221;][vc_column_text]<\/p>\n<p style=\"text-align: right;\"><strong>Stock Wave: ski, wake &amp; surf: water skiing, wake boarding, wake surfing<\/strong>, theme walks and Stock pond tours by boat. Activities only by reservation. Nautqiue ski lessons: 36 \u20ac &#8211; wake board lessons: 40 \u20ac &#8211; wake surf lessons: 40 \u20ac. Package 1h sports (material included: 170 \u20ac &#8211; 1h recreation: 120 \u20ac.<\/p>\n<p style=\"text-align: right;\">Contact by phone on +336 23 15 14 36<\/p>\n<p>[\/vc_column_text][\/vc_column][vc_column width=&#8221;1\/3&#8243;][vc_single_image image=&#8221;2723&#8243; img_size=&#8221;full&#8221;][\/vc_column][\/vc_row][vc_row full_width=&#8221;stretch_row&#8221; css_animation=&#8221;fadeInLeft&#8221; css=&#8221;.vc_custom_1517846689810{background-color: #eeeeee !important;}&#8221;][vc_column width=&#8221;1\/3&#8243;][vc_single_image image=&#8221;2716&#8243; img_size=&#8221;full&#8221;][\/vc_column][vc_column width=&#8221;2\/3&#8243;][vc_custom_heading text=&#8221;Bowling&#8221; font_container=&#8221;tag:h3|text_align:left&#8221; use_theme_fonts=&#8221;yes&#8221;][vc_column_text]The Langatte <strong>bowling<\/strong> area (leisure area) welcomes you every day of the week.<\/p>\n<p>Zone de loisirs de LANGATTE[\/vc_column_text][\/vc_column][\/vc_row][vc_row full_width=&#8221;stretch_row&#8221; css_animation=&#8221;fadeInRight&#8221; css=&#8221;.vc_custom_1517846668815{background-color: #ffffff !important;}&#8221;][vc_column width=&#8221;2\/3&#8243;][vc_custom_heading text=&#8221;Fishing&#8221; font_container=&#8221;tag:h3|text_align:right&#8221; use_theme_fonts=&#8221;yes&#8221;][vc_column_text]<strong>Stock pond<\/strong> is rich in fish (perch, perch, pike, catfish, carp &#8230;)<\/p>\n<p>Fishing inside the campsite is reserved for campsite guests.[\/vc_column_text][vc_message message_box_style=&#8221;solid-icon&#8221; style=&#8221;square&#8221; message_box_color=&#8221;blue&#8221;]<\/p>\n<ul>\n<li><a href=\"http:\/\/aappma-sarrebourg.com\/\" target=\"_blank\" rel=\"noopener\">Find all the regulations on the fiching activities<\/a><\/li>\n<li><a href=\"https:\/\/www.cartedepeche.fr\/\" target=\"_blank\" rel=\"noopener\">Buy your fishing card online<\/a><\/li>\n<\/ul>\n<p>[\/vc_message][\/vc_column][vc_column width=&#8221;1\/3&#8243;][vc_single_image image=&#8221;2719&#8243; img_size=&#8221;full&#8221;][\/vc_column][\/vc_row][vc_row full_width=&#8221;stretch_row&#8221; css_animation=&#8221;fadeInLeft&#8221; css=&#8221;.vc_custom_1517846689810{background-color: #eeeeee !important;}&#8221;][vc_column width=&#8221;1\/3&#8243;][vc_single_image image=&#8221;2712&#8243; img_size=&#8221;full&#8221;][\/vc_column][vc_column width=&#8221;2\/3&#8243;][vc_custom_heading text=&#8221;Restaurant Chez Mich\u00e8le in Languimberg&#8221; font_container=&#8221;tag:h3|text_align:left&#8221; use_theme_fonts=&#8221;yes&#8221;][vc_column_text]1-star Michelin, Chez Mich\u00e8le restaurant welcomes you in the heart of the Moselle, in Languimberg, a charming Lorraine village located between Nancy, Sarrebourg and Metz.[\/vc_column_text][vc_btn title=&#8221;See more&#8221; style=&#8221;flat&#8221; color=&#8221;green&#8221; size=&#8221;sm&#8221; align=&#8221;right&#8221; link=&#8221;url:http%3A%2F%2Fwww.chezmichele.fr%2Ffr%2Frestaurant-gastronomique-moselle-site-officiel.php|target:%20_blank|&#8221;][\/vc_column][\/vc_row][vc_row full_width=&#8221;stretch_row&#8221; css_animation=&#8221;fadeInRight&#8221; css=&#8221;.vc_custom_1517846668815{background-color: #ffffff !important;}&#8221;][vc_column width=&#8221;2\/3&#8243;][vc_custom_heading text=&#8221;And more information at the Tourist Office of Sarrebourg &#8230;&#8221; font_container=&#8221;tag:h3|text_align:right&#8221; use_theme_fonts=&#8221;yes&#8221;][vc_column_text]<\/p>\n<p style=\"text-align: right;\"><strong>Tourist Information Office<\/strong><br \/>\nRue du Mus\u00e9e &#8211; Place des Cordeliers<br \/>\n57400 SARREBOURG<\/p>\n<p style=\"text-align: right;\"><strong>Such. : +33 (0) 3 87 03 11 82<\/strong><br \/>\n<strong>E-mail: contact@tourisme-sarrebourg.fr<\/strong><\/p>\n<p style=\"text-align: right;\"><strong>Opening<\/strong> :<br \/>\nMonday to Saturday from 9:30 to 12:00 and from 14:00 to 17:30 (except holidays, Good Friday and 26 December)<br \/>\nJuly \/ August: Sunday and holidays: 10:00 to 12:30 and 13:30 to 17:00[\/vc_column_text][vc_btn title=&#8221;See more&#8221; style=&#8221;flat&#8221; color=&#8221;green&#8221; size=&#8221;sm&#8221; align=&#8221;right&#8221; link=&#8221;url:http%3A%2F%2Fwww.tourisme-sarrebourg.fr%2F|target:%20_blank|&#8221;][\/vc_column][vc_column width=&#8221;1\/3&#8243;][vc_single_image image=&#8221;2726&#8243; img_size=&#8221;full&#8221;][\/vc_column][\/vc_row][vc_row full_width=&#8221;stretch_row&#8221; css_animation=&#8221;fadeInLeft&#8221; css=&#8221;.vc_custom_1517846689810{background-color: #eeeeee !important;}&#8221;][vc_column width=&#8221;1\/3&#8243;][vc_single_image image=&#8221;2872&#8243; img_size=&#8221;full&#8221;][\/vc_column][vc_column width=&#8221;2\/3&#8243;][vc_custom_heading text=&#8221;&#8230; or by consulting the sitetourisme-lorraine.fr Pays de Sarrebourg&#8221; font_container=&#8221;tag:h3|text_align:left&#8221; use_theme_fonts=&#8221;yes&#8221;][vc_btn title=&#8221;See more&#8221; style=&#8221;flat&#8221; color=&#8221;green&#8221; size=&#8221;sm&#8221; align=&#8221;left&#8221; link=&#8221;url:https%3A%2F%2Fwww.tourisme-lorraine.fr%2Fdestinations%2Fpays-de-sarrebourg%2F|target:%20_blank|&#8221;][\/vc_column][\/vc_row][vc_row][vc_column][vc_cta h2=&#8221;I am interested&#8221; txt_align=&#8221;center&#8221; shape=&#8221;square&#8221; style=&#8221;flat&#8221; color=&#8221;sky&#8221; add_button=&#8221;bottom&#8221; btn_title=&#8221;Book!&#8221; btn_style=&#8221;outline&#8221; btn_color=&#8221;white&#8221; btn_size=&#8221;lg&#8221; btn_align=&#8221;center&#8221; btn_css_animation=&#8221;zoomIn&#8221; css_animation=&#8221;fadeInRight&#8221; btn_link=&#8221;url:https%3A%2Fen%2Freservations%2F|&#8221;]Contact us for further information or to book your campsite[\/vc_cta][\/vc_column][\/vc_row]<\/p>\n<\/div>","protected":false},"excerpt":{"rendered":"<p>[vc_row css=&#8221;.vc_custom_1517840861749{margin-top: 50px !important;margin-bottom: 50px !important;}&#8221;][vc_column][vc_custom_heading text=&#8221;Camping Rhodes offers for rent:&#8221; font_container=&#8221;tag:h2|text_align:center&#8221; use_theme_fonts=&#8221;yes&#8221;][\/vc_column][\/vc_row][vc_row][vc_column css_animation=&#8221;fadeIn&#8221; width=&#8221;1\/3&#8243;][vc_single_image image=&#8221;2458&#8243; img_size=&#8221;full&#8221; css=&#8221;.vc_custom_1517843139739{margin-bottom: 0px !important;border-bottom-width: 0px !important;}&#8221;][vc_custom_heading text=&#8221;Canoes&#8221; font_container=&#8221;tag:h3|text_align:center&#8221; use_theme_fonts=&#8221;yes&#8221;][vc_column_text] To<span class=\"excerpt-hellip\"> [\u2026]<\/span><\/p>\n","protected":false},"author":2,"featured_media":0,"parent":0,"menu_order":0,"comment_status":"closed","ping_status":"closed","template":"","meta":{"_exactmetrics_skip_tracking":false,"_exactmetrics_sitenote_active":false,"_exactmetrics_sitenote_note":"","_exactmetrics_sitenote_category":0,"footnotes":""},"class_list":["post-3013","page","type-page","status-publish","hentry"],"yoast_head":"<!-- This site is optimized with the Yoast SEO plugin v27.4 - https:\/\/yoast.com\/product\/yoast-seo-wordpress\/ -->\n<title>Activities - Camping de Rhodes<\/title>\n<meta name=\"description\" content=\"Autour du camping de Rhodes retrouvez de nombreuses activit\u00e9s proche de l&#039;\u00e9tang du Stock. p\u00eache, randonn\u00e9es, visites culturelles, bowling ...\" \/>\n<meta name=\"robots\" content=\"index, follow, max-snippet:-1, max-image-preview:large, max-video-preview:-1\" \/>\n<link rel=\"canonical\" href=\"https:\/\/campingrhodes.fr\/en\/activities\/\" \/>\n<meta property=\"og:locale\" content=\"en_US\" \/>\n<meta property=\"og:type\" content=\"article\" \/>\n<meta property=\"og:title\" content=\"Activities - Camping de Rhodes\" \/>\n<meta property=\"og:description\" content=\"Autour du camping de Rhodes retrouvez de nombreuses activit\u00e9s proche de l&#039;\u00e9tang du Stock. p\u00eache, randonn\u00e9es, visites culturelles, bowling ...\" \/>\n<meta property=\"og:url\" content=\"https:\/\/campingrhodes.fr\/en\/activities\/\" \/>\n<meta property=\"og:site_name\" content=\"Camping de Rhodes\" \/>\n<meta property=\"article:publisher\" content=\"https:\/\/www.facebook.com\/camping.rhodes\/\" \/>\n<meta name=\"twitter:card\" content=\"summary_large_image\" \/>\n<meta name=\"twitter:label1\" content=\"Est. reading time\" \/>\n\t<meta name=\"twitter:data1\" content=\"9 minutes\" \/>\n<script type=\"application\/ld+json\" class=\"yoast-schema-graph\">{\"@context\":\"https:\\\/\\\/schema.org\",\"@graph\":[{\"@type\":\"WebPage\",\"@id\":\"https:\\\/\\\/campingrhodes.fr\\\/en\\\/activities\\\/\",\"url\":\"https:\\\/\\\/campingrhodes.fr\\\/en\\\/activities\\\/\",\"name\":\"Activities - Camping de Rhodes\",\"isPartOf\":{\"@id\":\"https:\\\/\\\/www.campingrhodes.fr\\\/#website\"},\"datePublished\":\"2025-10-14T19:53:46+00:00\",\"description\":\"Autour du camping de Rhodes retrouvez de nombreuses activit\u00e9s proche de l'\u00e9tang du Stock. p\u00eache, randonn\u00e9es, visites culturelles, bowling ...\",\"breadcrumb\":{\"@id\":\"https:\\\/\\\/campingrhodes.fr\\\/en\\\/activities\\\/#breadcrumb\"},\"inLanguage\":\"en-US\",\"potentialAction\":[{\"@type\":\"ReadAction\",\"target\":[\"https:\\\/\\\/campingrhodes.fr\\\/en\\\/activities\\\/\"]}]},{\"@type\":\"BreadcrumbList\",\"@id\":\"https:\\\/\\\/campingrhodes.fr\\\/en\\\/activities\\\/#breadcrumb\",\"itemListElement\":[{\"@type\":\"ListItem\",\"position\":1,\"name\":\"Accueil\",\"item\":\"https:\\\/\\\/campingrhodes.fr\\\/en\\\/\"},{\"@type\":\"ListItem\",\"position\":2,\"name\":\"Activities\"}]},{\"@type\":\"WebSite\",\"@id\":\"https:\\\/\\\/www.campingrhodes.fr\\\/#website\",\"url\":\"https:\\\/\\\/www.campingrhodes.fr\\\/\",\"name\":\"Camping de Rhodes - Etang du Stock\",\"description\":\"camping en moselle au bord de l&#039;eau\",\"potentialAction\":[{\"@type\":\"SearchAction\",\"target\":{\"@type\":\"EntryPoint\",\"urlTemplate\":\"https:\\\/\\\/www.campingrhodes.fr\\\/?s={search_term_string}\"},\"query-input\":{\"@type\":\"PropertyValueSpecification\",\"valueRequired\":true,\"valueName\":\"search_term_string\"}}],\"inLanguage\":\"en-US\"}]}<\/script>\n<!-- \/ Yoast SEO plugin. -->","yoast_head_json":{"title":"Activities - Camping de Rhodes","description":"Autour du camping de Rhodes retrouvez de nombreuses activit\u00e9s proche de l'\u00e9tang du Stock. p\u00eache, randonn\u00e9es, visites culturelles, bowling ...","robots":{"index":"index","follow":"follow","max-snippet":"max-snippet:-1","max-image-preview":"max-image-preview:large","max-video-preview":"max-video-preview:-1"},"canonical":"https:\/\/campingrhodes.fr\/en\/activities\/","og_locale":"en_US","og_type":"article","og_title":"Activities - Camping de Rhodes","og_description":"Autour du camping de Rhodes retrouvez de nombreuses activit\u00e9s proche de l'\u00e9tang du Stock. p\u00eache, randonn\u00e9es, visites culturelles, bowling ...","og_url":"https:\/\/campingrhodes.fr\/en\/activities\/","og_site_name":"Camping de Rhodes","article_publisher":"https:\/\/www.facebook.com\/camping.rhodes\/","twitter_card":"summary_large_image","twitter_misc":{"Est. reading time":"9 minutes"},"schema":{"@context":"https:\/\/schema.org","@graph":[{"@type":"WebPage","@id":"https:\/\/campingrhodes.fr\/en\/activities\/","url":"https:\/\/campingrhodes.fr\/en\/activities\/","name":"Activities - Camping de Rhodes","isPartOf":{"@id":"https:\/\/www.campingrhodes.fr\/#website"},"datePublished":"2025-10-14T19:53:46+00:00","description":"Autour du camping de Rhodes retrouvez de nombreuses activit\u00e9s proche de l'\u00e9tang du Stock. p\u00eache, randonn\u00e9es, visites culturelles, bowling ...","breadcrumb":{"@id":"https:\/\/campingrhodes.fr\/en\/activities\/#breadcrumb"},"inLanguage":"en-US","potentialAction":[{"@type":"ReadAction","target":["https:\/\/campingrhodes.fr\/en\/activities\/"]}]},{"@type":"BreadcrumbList","@id":"https:\/\/campingrhodes.fr\/en\/activities\/#breadcrumb","itemListElement":[{"@type":"ListItem","position":1,"name":"Accueil","item":"https:\/\/campingrhodes.fr\/en\/"},{"@type":"ListItem","position":2,"name":"Activities"}]},{"@type":"WebSite","@id":"https:\/\/www.campingrhodes.fr\/#website","url":"https:\/\/www.campingrhodes.fr\/","name":"Camping de Rhodes - Etang du Stock","description":"camping en moselle au bord de l&#039;eau","potentialAction":[{"@type":"SearchAction","target":{"@type":"EntryPoint","urlTemplate":"https:\/\/www.campingrhodes.fr\/?s={search_term_string}"},"query-input":{"@type":"PropertyValueSpecification","valueRequired":true,"valueName":"search_term_string"}}],"inLanguage":"en-US"}]}},"_links":{"self":[{"href":"https:\/\/campingrhodes.fr\/en\/wp-json\/wp\/v2\/pages\/3013","targetHints":{"allow":["GET"]}}],"collection":[{"href":"https:\/\/campingrhodes.fr\/en\/wp-json\/wp\/v2\/pages"}],"about":[{"href":"https:\/\/campingrhodes.fr\/en\/wp-json\/wp\/v2\/types\/page"}],"author":[{"embeddable":true,"href":"https:\/\/campingrhodes.fr\/en\/wp-json\/wp\/v2\/users\/2"}],"replies":[{"embeddable":true,"href":"https:\/\/campingrhodes.fr\/en\/wp-json\/wp\/v2\/comments?post=3013"}],"version-history":[{"count":46,"href":"https:\/\/campingrhodes.fr\/en\/wp-json\/wp\/v2\/pages\/3013\/revisions"}],"predecessor-version":[{"id":3762,"href":"https:\/\/campingrhodes.fr\/en\/wp-json\/wp\/v2\/pages\/3013\/revisions\/3762"}],"wp:attachment":[{"href":"https:\/\/campingrhodes.fr\/en\/wp-json\/wp\/v2\/media?parent=3013"}],"curies":[{"name":"wp","href":"https:\/\/api.w.org\/{rel}","templated":true}]}}