{"id":3003,"date":"2018-03-06T10:01:39","date_gmt":"2018-03-06T10:01:39","guid":{"rendered":"https:\/pontoons\/"},"modified":"2023-02-15T17:46:33","modified_gmt":"2023-02-15T17:46:33","slug":"pontoons","status":"publish","type":"page","link":"https:\/\/campingrhodes.fr\/en\/pontoons\/","title":{"rendered":"Pontoons"},"content":{"rendered":"<div class=\"wpb-content-wrapper\"><p>[vc_row full_width=&#8221;stretch_row&#8221; css=&#8221;.vc_custom_1517847550065{margin-top: 50px !important;margin-bottom: 50px !important;}&#8221;][vc_column][vc_custom_heading text=&#8221;The campsite of Rhodes offers you to rent pontoons&#8221; font_container=&#8221;tag:h2|text_align:center&#8221; use_theme_fonts=&#8221;yes&#8221;][vc_column_text]<\/p>\n<p style=\"text-align: center;\"><strong>&#8230; whether you have a sailboat or a motor boat.<\/strong><\/p>\n<p style=\"text-align: center;\">The pontoons are rented by the month or by the day from April to October<\/p>\n<p style=\"text-align: center;\">Navigation on Stock pond is managed by VNF, Voies Navigables de France. To sail, you will have to buy a sticker, on sale on :\u00a0<a href=\"http:\/\/www.vnf.fr\" target=\"_blank\" rel=\"noopener\">www.vnf.fr<\/a><\/p>\n<p>[\/vc_column_text][\/vc_column][\/vc_row][vc_row][vc_column css_animation=&#8221;fadeIn&#8221;][vc_custom_heading text=&#8221;Pontoons prices&#8221; font_container=&#8221;tag:h3|text_align:center&#8221; use_theme_fonts=&#8221;yes&#8221;][vc_column_text]<\/p>\n<p style=\"text-align: center;\"><strong>150 \u20ac<\/strong> \/ month<\/p>\n<p style=\"text-align: center;\"><strong>10 \u20ac<\/strong> \/ day.<\/p>\n<p style=\"text-align: center;\">\n<p>[\/vc_column_text][\/vc_column][\/vc_row][vc_row][vc_column][vc_masonry_media_grid grid_id=&#8221;vc_gid:1519069754273-eb818a65-d8ab-1&#8243; include=&#8221;2764,2767,2770,2773,2760&#8243;][\/vc_column][\/vc_row][vc_row][vc_column width=&#8221;1\/2&#8243;][vc_message message_box_style=&#8221;solid-icon&#8221; style=&#8221;square&#8221; message_box_color=&#8221;blue&#8221; css_animation=&#8221;slideInRight&#8221;]<\/p>\n<p style=\"text-align: center;\"><strong>Services in Rhodes:<\/strong><\/p>\n<ul>\n<li>Bakery and grocery store open 7\/7 in July \u2013 August from 8 am to 12 pm and every week end from April to September.<\/li>\n<li>Daily baker\u2019s van outside the campsite at around 9:00 am except Monday.<\/li>\n<li>Bars, restaurants:<br \/>\nEurop\u00e9an Nautic, rue de l\u2019\u00e9tang<br \/>\nLes Paquis, all\u00e9e des comtes de Rode<\/li>\n<\/ul>\n<p>[\/vc_message][\/vc_column][vc_column width=&#8221;1\/2&#8243;][vc_cta h2=&#8221;I am interested&#8221; txt_align=&#8221;center&#8221; shape=&#8221;square&#8221; style=&#8221;flat&#8221; color=&#8221;sky&#8221; add_button=&#8221;bottom&#8221; btn_title=&#8221;Book!&#8221; btn_style=&#8221;outline&#8221; btn_color=&#8221;white&#8221; btn_size=&#8221;lg&#8221; btn_align=&#8221;center&#8221; btn_css_animation=&#8221;zoomIn&#8221; css_animation=&#8221;fadeInRight&#8221; btn_link=&#8221;url:https%3A%2Fen%2Freservations%2F|&#8221;]Contact us for further information or to book your campsite[\/vc_cta][\/vc_column][\/vc_row]<\/p>\n<\/div>","protected":false},"excerpt":{"rendered":"<p>[vc_row full_width=&#8221;stretch_row&#8221; css=&#8221;.vc_custom_1517847550065{margin-top: 50px !important;margin-bottom: 50px !important;}&#8221;][vc_column][vc_custom_heading text=&#8221;The campsite of Rhodes offers you to rent pontoons&#8221; font_container=&#8221;tag:h2|text_align:center&#8221; use_theme_fonts=&#8221;yes&#8221;][vc_column_text] &#8230; whether you have a sailboat or a<span class=\"excerpt-hellip\"> [\u2026]<\/span><\/p>\n","protected":false},"author":2,"featured_media":0,"parent":0,"menu_order":0,"comment_status":"closed","ping_status":"closed","template":"","meta":{"_exactmetrics_skip_tracking":false,"_exactmetrics_sitenote_active":false,"_exactmetrics_sitenote_note":"","_exactmetrics_sitenote_category":0,"footnotes":""},"class_list":["post-3003","page","type-page","status-publish","hentry"],"yoast_head":"<!-- This site is optimized with the Yoast SEO plugin v27.4 - https:\/\/yoast.com\/product\/yoast-seo-wordpress\/ -->\n<title>Pontoons - Camping de Rhodes<\/title>\n<meta name=\"description\" content=\"que vous ayez un voilier ou un bateau moteur. Le camping loue des pontons sur l&#039;\u00e9tang du Stock \u00e0 la saison (avril \u00e0 octobre) ou \u00e0 la journ\u00e9e\" \/>\n<meta name=\"robots\" content=\"index, follow, max-snippet:-1, max-image-preview:large, max-video-preview:-1\" \/>\n<link rel=\"canonical\" href=\"https:\/\/campingrhodes.fr\/en\/pontoons\/\" \/>\n<meta property=\"og:locale\" content=\"en_US\" \/>\n<meta property=\"og:type\" content=\"article\" \/>\n<meta property=\"og:title\" content=\"Pontoons - Camping de Rhodes\" \/>\n<meta property=\"og:description\" content=\"que vous ayez un voilier ou un bateau moteur. Le camping loue des pontons sur l&#039;\u00e9tang du Stock \u00e0 la saison (avril \u00e0 octobre) ou \u00e0 la journ\u00e9e\" \/>\n<meta property=\"og:url\" content=\"https:\/\/campingrhodes.fr\/en\/pontoons\/\" \/>\n<meta property=\"og:site_name\" content=\"Camping de Rhodes\" \/>\n<meta property=\"article:publisher\" content=\"https:\/\/www.facebook.com\/camping.rhodes\/\" \/>\n<meta property=\"article:modified_time\" content=\"2023-02-15T17:46:33+00:00\" \/>\n<meta name=\"twitter:card\" content=\"summary_large_image\" \/>\n<meta name=\"twitter:label1\" content=\"Est. reading time\" \/>\n\t<meta name=\"twitter:data1\" content=\"1 minute\" \/>\n<script type=\"application\/ld+json\" class=\"yoast-schema-graph\">{\"@context\":\"https:\\\/\\\/schema.org\",\"@graph\":[{\"@type\":\"WebPage\",\"@id\":\"https:\\\/\\\/campingrhodes.fr\\\/en\\\/pontoons\\\/\",\"url\":\"https:\\\/\\\/campingrhodes.fr\\\/en\\\/pontoons\\\/\",\"name\":\"Pontoons - Camping de Rhodes\",\"isPartOf\":{\"@id\":\"https:\\\/\\\/www.campingrhodes.fr\\\/#website\"},\"datePublished\":\"2018-03-06T10:01:39+00:00\",\"dateModified\":\"2023-02-15T17:46:33+00:00\",\"description\":\"que vous ayez un voilier ou un bateau moteur. Le camping loue des pontons sur l'\u00e9tang du Stock \u00e0 la saison (avril \u00e0 octobre) ou \u00e0 la journ\u00e9e\",\"breadcrumb\":{\"@id\":\"https:\\\/\\\/campingrhodes.fr\\\/en\\\/pontoons\\\/#breadcrumb\"},\"inLanguage\":\"en-US\",\"potentialAction\":[{\"@type\":\"ReadAction\",\"target\":[\"https:\\\/\\\/campingrhodes.fr\\\/en\\\/pontoons\\\/\"]}]},{\"@type\":\"BreadcrumbList\",\"@id\":\"https:\\\/\\\/campingrhodes.fr\\\/en\\\/pontoons\\\/#breadcrumb\",\"itemListElement\":[{\"@type\":\"ListItem\",\"position\":1,\"name\":\"Accueil\",\"item\":\"https:\\\/\\\/campingrhodes.fr\\\/en\\\/\"},{\"@type\":\"ListItem\",\"position\":2,\"name\":\"Pontoons\"}]},{\"@type\":\"WebSite\",\"@id\":\"https:\\\/\\\/www.campingrhodes.fr\\\/#website\",\"url\":\"https:\\\/\\\/www.campingrhodes.fr\\\/\",\"name\":\"Camping de Rhodes - Etang du Stock\",\"description\":\"camping en moselle au bord de l&#039;eau\",\"potentialAction\":[{\"@type\":\"SearchAction\",\"target\":{\"@type\":\"EntryPoint\",\"urlTemplate\":\"https:\\\/\\\/www.campingrhodes.fr\\\/?s={search_term_string}\"},\"query-input\":{\"@type\":\"PropertyValueSpecification\",\"valueRequired\":true,\"valueName\":\"search_term_string\"}}],\"inLanguage\":\"en-US\"}]}<\/script>\n<!-- \/ Yoast SEO plugin. -->","yoast_head_json":{"title":"Pontoons - Camping de Rhodes","description":"que vous ayez un voilier ou un bateau moteur. Le camping loue des pontons sur l'\u00e9tang du Stock \u00e0 la saison (avril \u00e0 octobre) ou \u00e0 la journ\u00e9e","robots":{"index":"index","follow":"follow","max-snippet":"max-snippet:-1","max-image-preview":"max-image-preview:large","max-video-preview":"max-video-preview:-1"},"canonical":"https:\/\/campingrhodes.fr\/en\/pontoons\/","og_locale":"en_US","og_type":"article","og_title":"Pontoons - Camping de Rhodes","og_description":"que vous ayez un voilier ou un bateau moteur. Le camping loue des pontons sur l'\u00e9tang du Stock \u00e0 la saison (avril \u00e0 octobre) ou \u00e0 la journ\u00e9e","og_url":"https:\/\/campingrhodes.fr\/en\/pontoons\/","og_site_name":"Camping de Rhodes","article_publisher":"https:\/\/www.facebook.com\/camping.rhodes\/","article_modified_time":"2023-02-15T17:46:33+00:00","twitter_card":"summary_large_image","twitter_misc":{"Est. reading time":"1 minute"},"schema":{"@context":"https:\/\/schema.org","@graph":[{"@type":"WebPage","@id":"https:\/\/campingrhodes.fr\/en\/pontoons\/","url":"https:\/\/campingrhodes.fr\/en\/pontoons\/","name":"Pontoons - Camping de Rhodes","isPartOf":{"@id":"https:\/\/www.campingrhodes.fr\/#website"},"datePublished":"2018-03-06T10:01:39+00:00","dateModified":"2023-02-15T17:46:33+00:00","description":"que vous ayez un voilier ou un bateau moteur. Le camping loue des pontons sur l'\u00e9tang du Stock \u00e0 la saison (avril \u00e0 octobre) ou \u00e0 la journ\u00e9e","breadcrumb":{"@id":"https:\/\/campingrhodes.fr\/en\/pontoons\/#breadcrumb"},"inLanguage":"en-US","potentialAction":[{"@type":"ReadAction","target":["https:\/\/campingrhodes.fr\/en\/pontoons\/"]}]},{"@type":"BreadcrumbList","@id":"https:\/\/campingrhodes.fr\/en\/pontoons\/#breadcrumb","itemListElement":[{"@type":"ListItem","position":1,"name":"Accueil","item":"https:\/\/campingrhodes.fr\/en\/"},{"@type":"ListItem","position":2,"name":"Pontoons"}]},{"@type":"WebSite","@id":"https:\/\/www.campingrhodes.fr\/#website","url":"https:\/\/www.campingrhodes.fr\/","name":"Camping de Rhodes - Etang du Stock","description":"camping en moselle au bord de l&#039;eau","potentialAction":[{"@type":"SearchAction","target":{"@type":"EntryPoint","urlTemplate":"https:\/\/www.campingrhodes.fr\/?s={search_term_string}"},"query-input":{"@type":"PropertyValueSpecification","valueRequired":true,"valueName":"search_term_string"}}],"inLanguage":"en-US"}]}},"_links":{"self":[{"href":"https:\/\/campingrhodes.fr\/en\/wp-json\/wp\/v2\/pages\/3003","targetHints":{"allow":["GET"]}}],"collection":[{"href":"https:\/\/campingrhodes.fr\/en\/wp-json\/wp\/v2\/pages"}],"about":[{"href":"https:\/\/campingrhodes.fr\/en\/wp-json\/wp\/v2\/types\/page"}],"author":[{"embeddable":true,"href":"https:\/\/campingrhodes.fr\/en\/wp-json\/wp\/v2\/users\/2"}],"replies":[{"embeddable":true,"href":"https:\/\/campingrhodes.fr\/en\/wp-json\/wp\/v2\/comments?post=3003"}],"version-history":[{"count":13,"href":"https:\/\/campingrhodes.fr\/en\/wp-json\/wp\/v2\/pages\/3003\/revisions"}],"predecessor-version":[{"id":3544,"href":"https:\/\/campingrhodes.fr\/en\/wp-json\/wp\/v2\/pages\/3003\/revisions\/3544"}],"wp:attachment":[{"href":"https:\/\/campingrhodes.fr\/en\/wp-json\/wp\/v2\/media?parent=3003"}],"curies":[{"name":"wp","href":"https:\/\/api.w.org\/{rel}","templated":true}]}}