{"id":2624,"date":"2018-02-07T16:08:07","date_gmt":"2018-02-07T16:08:07","guid":{"rendered":"https:\/home\/"},"modified":"2026-04-01T07:52:18","modified_gmt":"2026-04-01T07:52:18","slug":"home-2-2","status":"publish","type":"page","link":"https:\/\/campingrhodes.fr\/en\/","title":{"rendered":"Rhodes Campsite** &#8211; Southern Moselle"},"content":{"rendered":"<div class=\"wpb-content-wrapper\"><p>[vc_row css=&#8221;.vc_custom_1517914660802{margin-top: 50px !important;margin-bottom: 50px !important;}&#8221;][vc_column][vc_message message_box_style=&#8221;solid-icon&#8221; message_box_color=&#8221;danger&#8221; css_animation=&#8221;bounceInUp&#8221; css=&#8221;&#8221;]<\/p>\n<h1 style=\"text-align: center;\"><strong><span style=\"color: #800080;\">The campsite is open from Wednesday 1 April to Sunday 18 October 2026<\/span><\/strong><\/h1>\n<h1 style=\"text-align: center;\"><\/h1>\n<h2 style=\"text-align: center;\"><\/h2>\n<p>[\/vc_message][vc_custom_heading text=&#8221;Welcome to Camping Rhodes&#8221; font_container=&#8221;tag:h2|text_align:center&#8221; use_theme_fonts=&#8221;yes&#8221;][vc_column_text]We welcome you on our <strong>campsite<\/strong>** from April to October, whether you have a <em>camper<\/em>, a <em>caravan<\/em>, a <em>tent <\/em><em><strong>(accessible to people with reduced mobility) <\/strong><\/em>or you want to be housed in a <em>POD<\/em> (wooden cottage at the edge of the water) or in a comfortable <em>CHALET <\/em><em><strong>(not accessible to people with reduced mobility).<\/strong><\/em><\/p>\n<div id=\"gt-res-c\" class=\"g-unit\">\n<div id=\"gt-res-p\">\n<div id=\"gt-res-data\">\n<div id=\"gt-res-wrap\">\n<div id=\"gt-res-content\">\n<div id=\"gt-res-dir-ctr\" class=\"trans-verified-button-small\" dir=\"ltr\" style=\"text-align: left;\"><span id=\"result_box\" class=\"\" lang=\"en\"><span class=\"\">Our campsite is located on a peninsula bordering <strong>Stock pond<\/strong> (700 hectares), 2 kms from the Animal Park of Ste Croix, 15 kms from Sarrebourg, in the perimeter Strasbourg, Nancy, Metz, Sarrebr\u00fcck.<\/span><\/span><\/div>\n<\/div>\n<\/div>\n<\/div>\n<\/div>\n<\/div>\n<p>[\/vc_column_text][\/vc_column][\/vc_row][vc_row disable_element=&#8221;yes&#8221; css=&#8221;.vc_custom_1532077465507{margin-top: 0px !important;margin-bottom: 0px !important;padding-top: 0px !important;padding-bottom: 0px !important;}&#8221;][vc_column][vc_custom_heading text=&#8221;last news&#8221; font_container=&#8221;tag:h4|text_align:left&#8221;][vc_masonry_grid post_type=&#8221;post&#8221; max_items=&#8221;1&#8243; element_width=&#8221;12&#8243; grid_id=&#8221;vc_gid:1775029887327-8132d47c-faa0-7&#8243; taxonomies=&#8221;7&#8243; el_id=&#8221;posts-accueil&#8221;][\/vc_column][\/vc_row][vc_row css=&#8221;.vc_custom_1517918267300{margin-top: 50px !important;margin-bottom: 20px !important;}&#8221;][vc_column width=&#8221;1\/4&#8243;]<div class=\"trailer_box \"><a href=\"https:\/en\/campsite\/\"  title=\"\"><img loading=\"lazy\" decoding=\"async\" class=\"scale-with-grid\" src=\"https:\/\/campingrhodes.fr\/wp-content\/uploads\/2018\/02\/accueil_camping.jpg\" alt=\"accueil_camping\" width=\"900\" height=\"700\"\/><div class=\"desc\"><div class=\"subtitle\">a relaxation area<\/div><h2 class=\"title \">Campsite<\/h2><div class=\"line\"><\/div><\/div><\/a><\/div>\n[\/vc_column][vc_column width=&#8221;1\/4&#8243;]<div class=\"trailer_box \"><a href=\"https:\/en\/unusual-accomodations-2\/\"  title=\"\"><img loading=\"lazy\" decoding=\"async\" class=\"scale-with-grid\" src=\"https:\/\/campingrhodes.fr\/wp-content\/uploads\/2018\/02\/accueil_insolites.jpg\" alt=\"accueil_insolites\" width=\"900\" height=\"700\"\/><div class=\"desc\"><div class=\"subtitle\">Unusual accommodations<\/div><h2 class=\"title \">Pods<\/h2><div class=\"line\"><\/div><\/div><\/a><\/div>\n[\/vc_column][vc_column width=&#8221;1\/4&#8243;]<div class=\"trailer_box \"><a href=\"https:\/en\/pontoons\/\"  title=\"\"><img loading=\"lazy\" decoding=\"async\" class=\"scale-with-grid\" src=\"https:\/\/campingrhodes.fr\/wp-content\/uploads\/2018\/02\/accueil_pontons.jpg\" alt=\"accueil_pontons\" width=\"900\" height=\"700\"\/><div class=\"desc\"><div class=\"subtitle\">The pleasures of water<\/div><h2 class=\"title \">Ponds and pontoons<\/h2><div class=\"line\"><\/div><\/div><\/a><\/div>\n[\/vc_column][vc_column width=&#8221;1\/4&#8243;]<div class=\"trailer_box \"><a href=\"https:\/en\/unusual-accomodations-3\/\"  title=\"\"><img loading=\"lazy\" decoding=\"async\" class=\"scale-with-grid\" src=\"https:\/\/campingrhodes.fr\/wp-content\/uploads\/2023\/02\/accueil_insolites_chalets.jpg\" alt=\"accueil_insolites_chalets\" width=\"900\" height=\"700\"\/><div class=\"desc\"><div class=\"subtitle\">Unusual accommodations<\/div><h2 class=\"title \">Chalet<\/h2><div class=\"line\"><\/div><\/div><\/a><\/div>\n[\/vc_column][\/vc_row][vc_row css=&#8221;.vc_custom_1517914660802{margin-top: 50px !important;margin-bottom: 50px !important;}&#8221;][vc_column width=&#8221;1\/3&#8243;]<div class=\"trailer_box \"><a href=\"https:\/en\/activities\/\"  title=\"\"><img loading=\"lazy\" decoding=\"async\" class=\"scale-with-grid\" src=\"https:\/\/campingrhodes.fr\/wp-content\/uploads\/2018\/02\/entree-activites.jpg\" alt=\"entree-activites\" width=\"900\" height=\"700\"\/><div class=\"desc\"><div class=\"subtitle\">All to have fun<\/div><h2 class=\"title \">Activities<\/h2><div class=\"line\"><\/div><\/div><\/a><\/div>\n[\/vc_column][vc_column width=&#8221;1\/3&#8243;]<div class=\"trailer_box \"><a href=\"https:\/en\/camping\/\"  title=\"\"><img loading=\"lazy\" decoding=\"async\" class=\"scale-with-grid\" src=\"https:\/\/campingrhodes.fr\/wp-content\/uploads\/2018\/02\/accueil_infrastructures-1.jpg\" alt=\"accueil_infrastructures\" width=\"900\" height=\"700\"\/><div class=\"desc\"><div class=\"subtitle\">Everything for your comfort<\/div><h2 class=\"title \">Installations<\/h2><div class=\"line\"><\/div><\/div><\/a><\/div>\n[\/vc_column][vc_column width=&#8221;1\/3&#8243;]<div class=\"trailer_box \"><a href=\"https:\/en\/how-to-get-there\/\"  title=\"\"><img loading=\"lazy\" decoding=\"async\" class=\"scale-with-grid\" src=\"https:\/\/campingrhodes.fr\/wp-content\/uploads\/2018\/02\/entree-syrendre.jpg\" alt=\"entree-syrendre\" width=\"900\" height=\"700\"\/><div class=\"desc\"><div class=\"subtitle\">To not get lost<\/div><h2 class=\"title \">How to get there<\/h2><div class=\"line\"><\/div><\/div><\/a><\/div>\n[\/vc_column][\/vc_row][vc_row][vc_column][vc_cta h2=&#8221;I am interested&#8221; txt_align=&#8221;center&#8221; shape=&#8221;square&#8221; style=&#8221;flat&#8221; color=&#8221;sky&#8221; add_button=&#8221;bottom&#8221; btn_title=&#8221;Reservations&#8221; btn_style=&#8221;outline&#8221; btn_color=&#8221;white&#8221; btn_size=&#8221;lg&#8221; btn_align=&#8221;center&#8221; btn_css_animation=&#8221;zoomIn&#8221; css_animation=&#8221;fadeInRight&#8221; btn_link=&#8221;url:https%3A%2Fen%2Freservations%2F|&#8221;]Contact us for further information or to book your campsite[\/vc_cta][\/vc_column][\/vc_row]<\/p>\n<\/div>","protected":false},"excerpt":{"rendered":"<p>[vc_row css=&#8221;.vc_custom_1517914660802{margin-top: 50px !important;margin-bottom: 50px !important;}&#8221;][vc_column][vc_message message_box_style=&#8221;solid-icon&#8221; message_box_color=&#8221;danger&#8221; css_animation=&#8221;bounceInUp&#8221; css=&#8221;&#8221;] The campsite is open from Wednesday 1 April to Sunday 18 October 2026 [\/vc_message][vc_custom_heading text=&#8221;Welcome to<span class=\"excerpt-hellip\"> [\u2026]<\/span><\/p>\n","protected":false},"author":2,"featured_media":-1,"parent":0,"menu_order":0,"comment_status":"closed","ping_status":"closed","template":"","meta":{"_exactmetrics_skip_tracking":false,"_exactmetrics_sitenote_active":false,"_exactmetrics_sitenote_note":"","_exactmetrics_sitenote_category":0,"footnotes":""},"class_list":["post-2624","page","type-page","status-publish","has-post-thumbnail","hentry"],"yoast_head":"<!-- This site is optimized with the Yoast SEO plugin v27.5 - https:\/\/yoast.com\/product\/yoast-seo-wordpress\/ -->\n<title>Rhodes Campsite** - Southern Moselle<\/title>\n<meta name=\"description\" content=\"Au bord de l&#039;\u00e9tang du Stock, le Camping de Rhodes accueuille tentes, caravanes, camping-cars, Vous propose h\u00e9bergements en POD et acc\u00e8s aux pontons de p\u00eache\" \/>\n<meta name=\"robots\" content=\"index, follow, max-snippet:-1, max-image-preview:large, max-video-preview:-1\" \/>\n<link rel=\"canonical\" href=\"https:\/\/campingrhodes.fr\/en\/\" \/>\n<meta property=\"og:locale\" content=\"en_US\" \/>\n<meta property=\"og:type\" content=\"article\" \/>\n<meta property=\"og:title\" content=\"Rhodes Campsite** - Southern Moselle\" \/>\n<meta property=\"og:description\" content=\"Au bord de l&#039;\u00e9tang du Stock, le Camping de Rhodes accueuille tentes, caravanes, camping-cars, Vous propose h\u00e9bergements en POD et acc\u00e8s aux pontons de p\u00eache\" \/>\n<meta property=\"og:url\" content=\"https:\/\/campingrhodes.fr\/en\/\" \/>\n<meta property=\"og:site_name\" content=\"Camping de Rhodes\" \/>\n<meta property=\"article:publisher\" content=\"https:\/\/www.facebook.com\/camping.rhodes\/\" \/>\n<meta property=\"article:modified_time\" content=\"2026-04-01T07:52:18+00:00\" \/>\n<meta name=\"twitter:card\" content=\"summary_large_image\" \/>\n<meta name=\"twitter:label1\" content=\"Est. reading time\" \/>\n\t<meta name=\"twitter:data1\" content=\"3 minutes\" \/>\n<script type=\"application\/ld+json\" class=\"yoast-schema-graph\">{\"@context\":\"https:\\\/\\\/schema.org\",\"@graph\":[{\"@type\":\"WebPage\",\"@id\":\"https:\\\/\\\/campingrhodes.fr\\\/en\\\/\",\"url\":\"https:\\\/\\\/campingrhodes.fr\\\/en\\\/\",\"name\":\"Rhodes Campsite** - Southern Moselle\",\"isPartOf\":{\"@id\":\"https:\\\/\\\/www.campingrhodes.fr\\\/#website\"},\"datePublished\":\"2018-02-07T16:08:07+00:00\",\"dateModified\":\"2026-04-01T07:52:18+00:00\",\"description\":\"Au bord de l'\u00e9tang du Stock, le Camping de Rhodes accueuille tentes, caravanes, camping-cars, Vous propose h\u00e9bergements en POD et acc\u00e8s aux pontons de p\u00eache\",\"breadcrumb\":{\"@id\":\"https:\\\/\\\/campingrhodes.fr\\\/en\\\/#breadcrumb\"},\"inLanguage\":\"en-US\",\"potentialAction\":[{\"@type\":\"ReadAction\",\"target\":[\"https:\\\/\\\/campingrhodes.fr\\\/en\\\/\"]}]},{\"@type\":\"BreadcrumbList\",\"@id\":\"https:\\\/\\\/campingrhodes.fr\\\/en\\\/#breadcrumb\",\"itemListElement\":[{\"@type\":\"ListItem\",\"position\":1,\"name\":\"Accueil\",\"item\":\"https:\\\/\\\/campingrhodes.fr\\\/en\\\/\"},{\"@type\":\"ListItem\",\"position\":2,\"name\":\"Rhodes Campsite** &#8211; Southern Moselle\"}]},{\"@type\":\"WebSite\",\"@id\":\"https:\\\/\\\/www.campingrhodes.fr\\\/#website\",\"url\":\"https:\\\/\\\/www.campingrhodes.fr\\\/\",\"name\":\"Camping de Rhodes - Etang du Stock\",\"description\":\"camping en moselle au bord de l&#039;eau\",\"potentialAction\":[{\"@type\":\"SearchAction\",\"target\":{\"@type\":\"EntryPoint\",\"urlTemplate\":\"https:\\\/\\\/www.campingrhodes.fr\\\/?s={search_term_string}\"},\"query-input\":{\"@type\":\"PropertyValueSpecification\",\"valueRequired\":true,\"valueName\":\"search_term_string\"}}],\"inLanguage\":\"en-US\"}]}<\/script>\n<!-- \/ Yoast SEO plugin. -->","yoast_head_json":{"title":"Rhodes Campsite** - Southern Moselle","description":"Au bord de l'\u00e9tang du Stock, le Camping de Rhodes accueuille tentes, caravanes, camping-cars, Vous propose h\u00e9bergements en POD et acc\u00e8s aux pontons de p\u00eache","robots":{"index":"index","follow":"follow","max-snippet":"max-snippet:-1","max-image-preview":"max-image-preview:large","max-video-preview":"max-video-preview:-1"},"canonical":"https:\/\/campingrhodes.fr\/en\/","og_locale":"en_US","og_type":"article","og_title":"Rhodes Campsite** - Southern Moselle","og_description":"Au bord de l'\u00e9tang du Stock, le Camping de Rhodes accueuille tentes, caravanes, camping-cars, Vous propose h\u00e9bergements en POD et acc\u00e8s aux pontons de p\u00eache","og_url":"https:\/\/campingrhodes.fr\/en\/","og_site_name":"Camping de Rhodes","article_publisher":"https:\/\/www.facebook.com\/camping.rhodes\/","article_modified_time":"2026-04-01T07:52:18+00:00","twitter_card":"summary_large_image","twitter_misc":{"Est. reading time":"3 minutes"},"schema":{"@context":"https:\/\/schema.org","@graph":[{"@type":"WebPage","@id":"https:\/\/campingrhodes.fr\/en\/","url":"https:\/\/campingrhodes.fr\/en\/","name":"Rhodes Campsite** - Southern Moselle","isPartOf":{"@id":"https:\/\/www.campingrhodes.fr\/#website"},"datePublished":"2018-02-07T16:08:07+00:00","dateModified":"2026-04-01T07:52:18+00:00","description":"Au bord de l'\u00e9tang du Stock, le Camping de Rhodes accueuille tentes, caravanes, camping-cars, Vous propose h\u00e9bergements en POD et acc\u00e8s aux pontons de p\u00eache","breadcrumb":{"@id":"https:\/\/campingrhodes.fr\/en\/#breadcrumb"},"inLanguage":"en-US","potentialAction":[{"@type":"ReadAction","target":["https:\/\/campingrhodes.fr\/en\/"]}]},{"@type":"BreadcrumbList","@id":"https:\/\/campingrhodes.fr\/en\/#breadcrumb","itemListElement":[{"@type":"ListItem","position":1,"name":"Accueil","item":"https:\/\/campingrhodes.fr\/en\/"},{"@type":"ListItem","position":2,"name":"Rhodes Campsite** &#8211; Southern Moselle"}]},{"@type":"WebSite","@id":"https:\/\/www.campingrhodes.fr\/#website","url":"https:\/\/www.campingrhodes.fr\/","name":"Camping de Rhodes - Etang du Stock","description":"camping en moselle au bord de l&#039;eau","potentialAction":[{"@type":"SearchAction","target":{"@type":"EntryPoint","urlTemplate":"https:\/\/www.campingrhodes.fr\/?s={search_term_string}"},"query-input":{"@type":"PropertyValueSpecification","valueRequired":true,"valueName":"search_term_string"}}],"inLanguage":"en-US"}]}},"_links":{"self":[{"href":"https:\/\/campingrhodes.fr\/en\/wp-json\/wp\/v2\/pages\/2624","targetHints":{"allow":["GET"]}}],"collection":[{"href":"https:\/\/campingrhodes.fr\/en\/wp-json\/wp\/v2\/pages"}],"about":[{"href":"https:\/\/campingrhodes.fr\/en\/wp-json\/wp\/v2\/types\/page"}],"author":[{"embeddable":true,"href":"https:\/\/campingrhodes.fr\/en\/wp-json\/wp\/v2\/users\/2"}],"replies":[{"embeddable":true,"href":"https:\/\/campingrhodes.fr\/en\/wp-json\/wp\/v2\/comments?post=2624"}],"version-history":[{"count":75,"href":"https:\/\/campingrhodes.fr\/en\/wp-json\/wp\/v2\/pages\/2624\/revisions"}],"predecessor-version":[{"id":3794,"href":"https:\/\/campingrhodes.fr\/en\/wp-json\/wp\/v2\/pages\/2624\/revisions\/3794"}],"wp:featuredmedia":[{"embeddable":true,"href":"https:\/\/campingrhodes.fr\/en\/wp-json\/"}],"wp:attachment":[{"href":"https:\/\/campingrhodes.fr\/en\/wp-json\/wp\/v2\/media?parent=2624"}],"curies":[{"name":"wp","href":"https:\/\/api.w.org\/{rel}","templated":true}]}}