{"id":3159,"date":"2018-03-23T13:04:59","date_gmt":"2018-03-23T13:04:59","guid":{"rendered":"https:\/die-aktivitaten\/"},"modified":"2025-10-14T19:54:32","modified_gmt":"2025-10-14T19:54:32","slug":"die-aktivitaten-2","status":"publish","type":"page","link":"https:\/\/campingrhodes.fr\/de\/die-aktivitaten-2\/","title":{"rendered":"Die Aktivit\u00e4ten"},"content":{"rendered":"<div class=\"wpb-content-wrapper\"><p>[vc_row css=&#8220;.vc_custom_1517840861749{margin-top: 50px !important;margin-bottom: 50px !important;}&#8220;][vc_column][vc_custom_heading text=&#8220;Der Campingplatz Rhodes vermietet:&#8220; font_container=&#8220;tag:h2|text_align:center&#8220; use_theme_fonts=&#8220;yes&#8220;][\/vc_column][\/vc_row][vc_row][vc_column css_animation=&#8220;fadeIn&#8220; width=&#8220;1\/3&#8243;][vc_single_image image=&#8220;2459&#8243; img_size=&#8220;full&#8220; css=&#8220;.vc_custom_1517843139739{margin-bottom: 0px !important;border-bottom-width: 0px !important;}&#8220;][vc_custom_heading text=&#8220;Kanus&#8220; font_container=&#8220;tag:h3|text_align:center&#8220; use_theme_fonts=&#8220;yes&#8220;][vc_column_text]<\/p>\n<p style=\"text-align: center;\">Um die Ufer des Stockweihers entlang zu paddeln.<br \/>\nWir stellen Ihnen Sicherheitsausr\u00fcstung zur Verf\u00fcgung<\/p>\n<p>[\/vc_column_text][\/vc_column][vc_column css_animation=&#8220;fadeIn&#8220; width=&#8220;1\/3&#8243;][vc_single_image image=&#8220;2735&#8243; img_size=&#8220;full&#8220; css=&#8220;.vc_custom_1518172747826{margin-bottom: 0px !important;}&#8220;][vc_custom_heading text=&#8220;Boote&#8220; font_container=&#8220;tag:h3|text_align:center&#8220; use_theme_fonts=&#8220;yes&#8220;][vc_column_text]<\/p>\n<p style=\"text-align: center;\">Begeisterten Anglern k\u00f6nnen wir ein Boot des Angelvereins anbieten.<\/p>\n<p>[\/vc_column_text][\/vc_column][vc_column css_animation=&#8220;fadeIn&#8220; width=&#8220;1\/3&#8243;][vc_single_image image=&#8220;2456&#8243; img_size=&#8220;full&#8220; css=&#8220;.vc_custom_1517843167547{margin-bottom: 0px !important;}&#8220;][vc_custom_heading text=&#8220;Paddelbretter&#8220; font_container=&#8220;tag:h3|text_align:center&#8220; use_theme_fonts=&#8220;yes&#8220;][vc_column_text]<\/p>\n<p style=\"text-align: center;\">Um die Ufer des Stockweihers entlang zu paddeln.<br \/>\nWir stellen Ihnen Sicherheitsausr\u00fcstung zur Verf\u00fcgung<\/p>\n<p>[\/vc_column_text][\/vc_column][\/vc_row][vc_row][vc_column width=&#8220;1\/3&#8243;][vc_message message_box_style=&#8220;solid-icon&#8220; style=&#8220;square&#8220; message_box_color=&#8220;blue&#8220;]<\/p>\n<ul>\n<li><a href=\"http:\/\/aappma-sarrebourg.com\/\" target=\"_blank\" rel=\"noopener\">Hier finden Sie die Angelvorschriften.<\/a><\/li>\n<li><a href=\"http:\/\/de.cartedepeche.fr\/\" target=\"_blank\" rel=\"noopener\">Kaufen Sie Ihren Angelschein online<\/a><\/li>\n<\/ul>\n<p>[\/vc_message][\/vc_column][vc_column width=&#8220;1\/3&#8243;][vc_single_image image=&#8220;2710&#8243; img_size=&#8220;full&#8220; css=&#8220;.vc_custom_1520261684808{margin-bottom: 0px !important;border-bottom-width: 0px !important;}&#8220;][vc_custom_heading text=&#8220;Tennis&#8220; font_container=&#8220;tag:h3|text_align:center&#8220; use_theme_fonts=&#8220;yes&#8220;][vc_column_text]<\/p>\n<p style=\"text-align: center;\">Vom Campingplatz aus k\u00f6nnen Sie einen Indoor- oder Outdoor-Tennisplatz mieten.<br \/>\nDer Tennisplatz ist 500 m vom Campingplatz entfernt.<\/p>\n<p>[\/vc_column_text][\/vc_column][\/vc_row][vc_row css=&#8220;.vc_custom_1517840861749{margin-top: 50px !important;margin-bottom: 50px !important;}&#8220;][vc_column][vc_custom_heading text=&#8220;Rund um Rhodes finden Sie endlose M\u00f6glichkeiten der Freizeitgestaltung&#8230;&#8220; font_container=&#8220;tag:h2|text_align:center&#8220; use_theme_fonts=&#8220;yes&#8220;][\/vc_column][\/vc_row][vc_row full_width=&#8220;stretch_row&#8220; css_animation=&#8220;fadeInLeft&#8220; css=&#8220;.vc_custom_1517846657306{background-color: #eeeeee !important;}&#8220;][vc_column width=&#8220;2\/3&#8243;][vc_custom_heading text=&#8220;Tierpark Sainte-Croix&#8220; font_container=&#8220;tag:h3|text_align:left&#8220; use_theme_fonts=&#8220;yes&#8220;][vc_column_text]Mit mehr als 325.000 Besuchern pro Jahr ist der Tierpark Sainte-Croix in 38 Jahren zu einer Referenz in Frankreich und Europa f\u00fcr die Pr\u00e4sentation der europ\u00e4ischen Fauna und gef\u00e4hrdeter globaler Arten geworden. <strong>Im Jahr 2018 begr\u00fc\u00dft der Tierpark den \u00abRiesen des Nordens\u00bb, den Elch, und nimmt Sie mit der neuen Attraktion \u00ab<a href=\"https:\/\/parcsaintecroix.com\/incontournables\/expedition-sauvage\" target=\"_blank\" rel=\"noopener\">Safari-Zug<\/a>\u00bb auf Entdeckungsreise zu den gro\u00dfen Wildtieren Europas mit!<\/strong><\/p>\n<p>&nbsp;<\/p>\n<p>In einer 120 Hektar gro\u00dfen, gr\u00fcnen Oase k\u00f6nnen Sie auf 3 verschiedenen Routen mehr als 1500 Tiere 100 verschiedener Arten entdecken, die hier in Halbfreiheit leben. Freuen Sie sich auf B\u00e4ren, Rehe, Luchse, Vielfra\u00dfe, Lemuren, rote Pandas und mehrere Rudel W\u00f6lfe![\/vc_column_text][vc_btn title=&#8220;lerne mehr&#8220; style=&#8220;flat&#8220; color=&#8220;green&#8220; size=&#8220;sm&#8220; align=&#8220;left&#8220; link=&#8220;url:https%3A%2F%2Fparcsaintecroix.com%2F|target:%20_blank|&#8220;][\/vc_column][vc_column width=&#8220;1\/3&#8243;][vc_single_image image=&#8220;2482&#8243; img_size=&#8220;full&#8220;][\/vc_column][\/vc_row][vc_row full_width=&#8220;stretch_row&#8220; css_animation=&#8220;fadeInRight&#8220; css=&#8220;.vc_custom_1517846668815{background-color: #ffffff !important;}&#8220;][vc_column width=&#8220;1\/4&#8243;][vc_single_image image=&#8220;2706&#8243; img_size=&#8220;full&#8220;][\/vc_column][vc_column width=&#8220;3\/4&#8243;][vc_custom_heading text=&#8220;Center Parcs &#8211; Les Trois For\u00eats&#8220; font_container=&#8220;tag:h3|text_align:right&#8220; use_theme_fonts=&#8220;yes&#8220;][vc_column_text]<\/p>\n<p style=\"text-align: right;\">Sie tr\u00e4umen von Pools und Palmen?<\/p>\n<p style=\"text-align: right;\">Daf\u00fcr m\u00fcssen Sie nicht ans andere Ende der Welt fliegen! 30 Minuten von Rhodes werden sie Ihnen von Center Parcs auf dem Silbertablett serviert. Tauchen Sie ein in die tropische Atmosph\u00e4re unseres Aqua Mundo Wasserparks.<\/p>\n<p style=\"text-align: right;\">Jung und Alt kommen bei zahlreichen Wasserspielen voll und ganz auf ihre Kosten!<\/p>\n<p>[\/vc_column_text][vc_btn title=&#8220;lerne mehr&#8220; style=&#8220;flat&#8220; color=&#8220;green&#8220; size=&#8220;sm&#8220; align=&#8220;right&#8220; link=&#8220;url:https%3A%2F%2Fwww.journee-centerparcs.fr%2Fles-trois-forets%2FFR|target:%20_blank|&#8220;][\/vc_column][\/vc_row][vc_row full_width=&#8220;stretch_row&#8220; css_animation=&#8220;fadeInRight&#8220; css=&#8220;.vc_custom_1517846668815{background-color: #ffffff !important;}&#8220;][vc_column width=&#8220;2\/3&#8243;][vc_custom_heading text=&#8220;Wanderwege&#8220; font_container=&#8220;tag:h3|text_align:right&#8220; use_theme_fonts=&#8220;yes&#8220;][vc_column_text]<\/p>\n<p style=\"text-align: right;\">Neben anderen Wander- und Spazierwegen f\u00fchrt auch der Fernwanderweg GR5 in der N\u00e4he des Campingplatzes vorbei.<\/p>\n<p style=\"text-align: right;\">Genie\u00dfen Sie die Pracht der Natur in der Umgebung.<\/p>\n<p>[\/vc_column_text][\/vc_column][vc_column width=&#8220;1\/3&#8243;][vc_single_image image=&#8220;2870&#8243; img_size=&#8220;full&#8220;][\/vc_column][\/vc_row][vc_row full_width=&#8220;stretch_row&#8220; css_animation=&#8220;fadeInLeft&#8220; css=&#8220;.vc_custom_1517846689810{background-color: #eeeeee !important;}&#8220;][vc_column width=&#8220;1\/3&#8243;][vc_single_image image=&#8220;2486&#8243; img_size=&#8220;full&#8220;][\/vc_column][vc_column width=&#8220;2\/3&#8243;][vc_custom_heading text=&#8220;Radfahren&#8220; font_container=&#8220;tag:h3|text_align:left&#8220; use_theme_fonts=&#8220;yes&#8220;][vc_column_text]<br \/>\nDas Pays des \u00c9tangs ist ein Paradies f\u00fcr Radfahrer. Die Landschaften sind zauberhaft, rundum entspannend und die Stra\u00dfen geradezu perfekt zum Radfahren. Vom kleinen Ort Rhodes am Ufer des Stockweihers folgen Sie den sanften H\u00fcgeln, die Sie durch die noch weitgehend unber\u00fchrte Landschaft und Natur in dieser Ecke des Mosellands im Regionalen Naturpark Lothringen f\u00fchren.<\/p>\n<p>Streckenkarten an der Rezeption des Campingplatzes erh\u00e4ltlich.[\/vc_column_text][\/vc_column][\/vc_row][vc_row full_width=&#8220;stretch_row&#8220; css_animation=&#8220;fadeInRight&#8220; css=&#8220;.vc_custom_1517846668815{background-color: #ffffff !important;}&#8220;][vc_column width=&#8220;2\/3&#8243;][vc_custom_heading text=&#8220;Domaine de Lindre&#8220; font_container=&#8220;tag:h3|text_align:right&#8220; use_theme_fonts=&#8220;yes&#8220;][vc_column_text]<\/p>\n<p style=\"text-align: right;\">Die Domaine de Lindre ist eine \u00fcppige Naturlandschaft. Ihr Juwel, der Linderweiher, und weitere 11 Weiher beherbergen eine vielf\u00e4ltige Fauna und Flora. Ihre Artenvielfalt ist au\u00dfergew\u00f6hnlich: 248 Vogelarten, 11 Amphibienarten, mehrere gesch\u00fctzte Pflanzen, 4 Reptilienarten, unz\u00e4hlige Insektenarten, eine Vielzahl von Teichfischen und viele weitere Wassertiere.<\/p>\n<p style=\"text-align: right;\">Dank dieser Artenvielfalt tragen die Domaine de Lindre und ihr reicher Nachbar, der For\u00eat du Romersberg, das internationale Label RAMSAR und sind als NATURA 2000 Gebiet ausgewiesen. Die Domaine de Lindre befindet sich auch im Osten des Regionalen Naturparks Lothringen im Herzen des Pays des \u00c9tangs.<\/p>\n<p>[\/vc_column_text][vc_btn title=&#8220;lerne mehr&#8220; style=&#8220;flat&#8220; color=&#8220;green&#8220; size=&#8220;sm&#8220; align=&#8220;right&#8220; link=&#8220;url:http%3A%2F%2Fwww.domainedelindre.com%2F|target:%20_blank|&#8220;][\/vc_column][vc_column width=&#8220;1\/3&#8243;][vc_single_image image=&#8220;2702&#8243; img_size=&#8220;full&#8220;][\/vc_column][\/vc_row][vc_row full_width=&#8220;stretch_row&#8220; css_animation=&#8220;fadeInLeft&#8220; disable_element=&#8220;yes&#8220; css=&#8220;.vc_custom_1520261905808{background-color: #eeeeee !important;}&#8220;][vc_column width=&#8220;1\/4&#8243;][vc_single_image image=&#8220;2710&#8243; img_size=&#8220;full&#8220;][\/vc_column][vc_column width=&#8220;3\/4&#8243;][vc_custom_heading text=&#8220;Tennis&#8220; font_container=&#8220;tag:h3|text_align:left&#8220; use_theme_fonts=&#8220;yes&#8220;][vc_column_text]Vom Campingplatz aus k\u00f6nnen Sie einen Indoor- oder Outdoor-Tennisplatz mieten.<\/p>\n<p>Der Tennisplatz ist 500 m vom Campingplatz entfernt.[\/vc_column_text][\/vc_column][\/vc_row][vc_row full_width=&#8220;stretch_row&#8220; css_animation=&#8220;fadeInRight&#8220; disable_element=&#8220;yes&#8220; css=&#8220;.vc_custom_1520261914955{background-color: #ffffff !important;}&#8220;][vc_column width=&#8220;2\/3&#8243;][vc_custom_heading text=&#8220;Stock Wave&#8220; font_container=&#8220;tag:h3|text_align:right&#8220; use_theme_fonts=&#8220;yes&#8220;][vc_column_text]<\/p>\n<p style=\"text-align: right;\">Ski, Wake &amp; Surf: Wasserski, Wakeboarden, Wakesurfen, Themenausfl\u00fcge und Bootsfahrten am Stockweiher. Aktivit\u00e4ten nur nach Reservierung. Wasserskikurs: 36 \u20ac &#8211; Wakeboard-Kurs:\u00a0 40 \u20ac &#8211; Wakesurf-Kurs: 40 \u20ac. Pauschale 1 Std. Profikurs (inklusive Ausr\u00fcstung): 170 \u20ac &#8211; 1 Std. Einsteigerkurs: 120 \u20ac.<\/p>\n<p style=\"text-align: right;\">Kontakt via Telefon unter +33(0)6 23 15 14 36<\/p>\n<p>[\/vc_column_text][\/vc_column][vc_column width=&#8220;1\/3&#8243;][vc_single_image image=&#8220;2724&#8243; img_size=&#8220;full&#8220;][\/vc_column][\/vc_row][vc_row full_width=&#8220;stretch_row&#8220; css_animation=&#8220;fadeInLeft&#8220; css=&#8220;.vc_custom_1517846689810{background-color: #eeeeee !important;}&#8220;][vc_column width=&#8220;1\/3&#8243;][vc_single_image image=&#8220;2717&#8243; img_size=&#8220;full&#8220;][\/vc_column][vc_column width=&#8220;2\/3&#8243;][vc_custom_heading text=&#8220;Bowling&#8220; font_container=&#8220;tag:h3|text_align:left&#8220; use_theme_fonts=&#8220;yes&#8220;][vc_column_text]Die Bowlingbahn Langatte (Freizeitzentrum) hat t\u00e4glich ge\u00f6ffnet.<\/p>\n<p>Freizeitzentrum LANGATTE[\/vc_column_text][\/vc_column][\/vc_row][vc_row full_width=&#8220;stretch_row&#8220; css_animation=&#8220;fadeInRight&#8220; css=&#8220;.vc_custom_1517846668815{background-color: #ffffff !important;}&#8220;][vc_column width=&#8220;2\/3&#8243;][vc_custom_heading text=&#8220;Angeln&#8220; font_container=&#8220;tag:h3|text_align:right&#8220; use_theme_fonts=&#8220;yes&#8220;][vc_column_text]Der Stockweiher ist reich an Fischen (Barsche, Zander, Hechte, Welse, Karpfen&#8230;.)<\/p>\n<p>Das Angeln innerhalb des Campingplatzes ist den G\u00e4sten des Campingplatzes vorbehalten.<\/p>\n<p>Hier finden Sie die Angelvorschriften.<\/p>\n<p>Kaufen Sie Ihren Angelschein online[\/vc_column_text][vc_message message_box_style=&#8220;solid-icon&#8220; style=&#8220;square&#8220; message_box_color=&#8220;blue&#8220;]<\/p>\n<ul>\n<li><a href=\"http:\/\/aappma-sarrebourg.com\/\" target=\"_blank\" rel=\"noopener\">Hier finden Sie die Angelvorschriften.<\/a><\/li>\n<li><a href=\"http:\/\/de.cartedepeche.fr\/\" target=\"_blank\" rel=\"noopener\">Kaufen Sie Ihren Angelschein online<\/a><\/li>\n<\/ul>\n<p>[\/vc_message][\/vc_column][vc_column width=&#8220;1\/3&#8243;][vc_single_image image=&#8220;2720&#8243; img_size=&#8220;full&#8220;][\/vc_column][\/vc_row][vc_row full_width=&#8220;stretch_row&#8220; css_animation=&#8220;fadeInLeft&#8220; css=&#8220;.vc_custom_1517846689810{background-color: #eeeeee !important;}&#8220;][vc_column width=&#8220;1\/3&#8243;][vc_single_image image=&#8220;2713&#8243; img_size=&#8220;full&#8220;][\/vc_column][vc_column width=&#8220;2\/3&#8243;][vc_custom_heading text=&#8220;Restaurant Chez Mich\u00e8le in Languimberg&#8220; font_container=&#8220;tag:h3|text_align:left&#8220; use_theme_fonts=&#8220;yes&#8220;][vc_column_text]<br \/>\nDas mit einem Michelin-Stern ausgezeichnete Restaurant Chez Mich\u00e8le empf\u00e4ngt Sie im Herzen des Mosellands, in Languimberg, einem charmanten lothringischen Ort zwischen Nancy, Sarrebourg und Metz.<br \/>\n[\/vc_column_text][vc_btn title=&#8220;lerne mehr&#8220; style=&#8220;flat&#8220; color=&#8220;green&#8220; size=&#8220;sm&#8220; align=&#8220;right&#8220; link=&#8220;url:http%3A%2F%2Fwww.chezmichele.fr%2Ffr%2Frestaurant-gastronomique-moselle-site-officiel.php|target:%20_blank|&#8220;][\/vc_column][\/vc_row][vc_row full_width=&#8220;stretch_row&#8220; css_animation=&#8220;fadeInRight&#8220; css=&#8220;.vc_custom_1517846668815{background-color: #ffffff !important;}&#8220;][vc_column width=&#8220;2\/3&#8243;][vc_custom_heading text=&#8220;Weitere Informationen im Fremdenverkehrsb\u00fcro Sarrebourg&#8230;&#8220; font_container=&#8220;tag:h3|text_align:right&#8220; use_theme_fonts=&#8220;yes&#8220;][vc_column_text]<br \/>\n<strong>Touristeninformation<\/strong><br \/>\nRue du Mus\u00e9e \u2013 Place des Cordeliers<br \/>\n57400 SARREBOURG<br \/>\n[\/vc_column_text][vc_btn title=&#8220;lerne mehr&#8220; style=&#8220;flat&#8220; color=&#8220;green&#8220; size=&#8220;sm&#8220; align=&#8220;right&#8220; link=&#8220;url:http%3A%2F%2Fwww.tourisme-sarrebourg.fr%2F|target:%20_blank|&#8220;][\/vc_column][vc_column width=&#8220;1\/3&#8243;][vc_single_image image=&#8220;2727&#8243; img_size=&#8220;full&#8220;][\/vc_column][\/vc_row][vc_row full_width=&#8220;stretch_row&#8220; css_animation=&#8220;fadeInLeft&#8220; css=&#8220;.vc_custom_1517846689810{background-color: #eeeeee !important;}&#8220;][vc_column width=&#8220;1\/3&#8243;][vc_single_image image=&#8220;2873&#8243; img_size=&#8220;full&#8220;][\/vc_column][vc_column width=&#8220;2\/3&#8243;][vc_custom_heading text=&#8220;&#8230; oder auf der Website tourisme-lorraine.fr Pays de Sarrebourg&#8220; font_container=&#8220;tag:h3|text_align:left&#8220; use_theme_fonts=&#8220;yes&#8220;][vc_btn title=&#8220;lerne mehr&#8220; style=&#8220;flat&#8220; color=&#8220;green&#8220; size=&#8220;sm&#8220; align=&#8220;left&#8220; link=&#8220;url:https%3A%2F%2Fwww.tourisme-lorraine.fr%2Fdestinations%2Fpays-de-sarrebourg%2F|target:%20_blank|&#8220;][\/vc_column][\/vc_row][vc_row][vc_column][vc_cta h2=&#8220;Ich bin interessiert!&#8220; txt_align=&#8220;center&#8220; shape=&#8220;square&#8220; style=&#8220;flat&#8220; color=&#8220;sky&#8220; add_button=&#8220;bottom&#8220; btn_title=&#8220;Ich reserviere&#8220; btn_style=&#8220;outline&#8220; btn_color=&#8220;white&#8220; btn_size=&#8220;lg&#8220; btn_align=&#8220;center&#8220; btn_css_animation=&#8220;zoomIn&#8220; css_animation=&#8220;fadeInRight&#8220; btn_link=&#8220;url:https%3A%2Fde%2Freservierung%2F|&#8220;]Kontaktieren Sie uns f\u00fcr weitere Informationen oder um Ihren Stellplatz zu reservieren.[\/vc_cta][\/vc_column][\/vc_row]<\/p>\n<\/div>","protected":false},"excerpt":{"rendered":"<p>[vc_row css=&#8220;.vc_custom_1517840861749{margin-top: 50px !important;margin-bottom: 50px !important;}&#8220;][vc_column][vc_custom_heading text=&#8220;Der Campingplatz Rhodes vermietet:&#8220; font_container=&#8220;tag:h2|text_align:center&#8220; use_theme_fonts=&#8220;yes&#8220;][\/vc_column][\/vc_row][vc_row][vc_column css_animation=&#8220;fadeIn&#8220; width=&#8220;1\/3&#8243;][vc_single_image image=&#8220;2459&#8243; img_size=&#8220;full&#8220; css=&#8220;.vc_custom_1517843139739{margin-bottom: 0px !important;border-bottom-width: 0px !important;}&#8220;][vc_custom_heading text=&#8220;Kanus&#8220; font_container=&#8220;tag:h3|text_align:center&#8220; use_theme_fonts=&#8220;yes&#8220;][vc_column_text] Um die<span class=\"excerpt-hellip\"> [\u2026]<\/span><\/p>\n","protected":false},"author":2,"featured_media":-1,"parent":0,"menu_order":0,"comment_status":"closed","ping_status":"closed","template":"","meta":{"_exactmetrics_skip_tracking":false,"_exactmetrics_sitenote_active":false,"_exactmetrics_sitenote_note":"","_exactmetrics_sitenote_category":0,"footnotes":""},"class_list":["post-3159","page","type-page","status-publish","has-post-thumbnail","hentry"],"yoast_head":"<!-- This site is optimized with the Yoast SEO plugin v27.3 - https:\/\/yoast.com\/product\/yoast-seo-wordpress\/ -->\n<title>Die Aktivit\u00e4ten - Camping de Rhodes<\/title>\n<meta name=\"description\" content=\"Autour du camping de Rhodes retrouvez de nombreuses activit\u00e9s proche de l&#039;\u00e9tang du Stock. p\u00eache, randonn\u00e9es, visites culturelles, bowling ...\" \/>\n<meta name=\"robots\" content=\"index, follow, max-snippet:-1, max-image-preview:large, max-video-preview:-1\" \/>\n<link rel=\"canonical\" href=\"https:\/\/campingrhodes.fr\/de\/die-aktivitaten-2\/\" \/>\n<meta property=\"og:locale\" content=\"de_DE\" \/>\n<meta property=\"og:type\" content=\"article\" \/>\n<meta property=\"og:title\" content=\"Die Aktivit\u00e4ten - Camping de Rhodes\" \/>\n<meta property=\"og:description\" content=\"Autour du camping de Rhodes retrouvez de nombreuses activit\u00e9s proche de l&#039;\u00e9tang du Stock. p\u00eache, randonn\u00e9es, visites culturelles, bowling ...\" \/>\n<meta property=\"og:url\" content=\"https:\/\/campingrhodes.fr\/de\/die-aktivitaten-2\/\" \/>\n<meta property=\"og:site_name\" content=\"Camping de Rhodes\" \/>\n<meta property=\"article:publisher\" content=\"https:\/\/www.facebook.com\/camping.rhodes\/\" \/>\n<meta property=\"article:modified_time\" content=\"2025-10-14T19:54:32+00:00\" \/>\n<meta name=\"twitter:card\" content=\"summary_large_image\" \/>\n<meta name=\"twitter:label1\" content=\"Gesch\u00e4tzte Lesezeit\" \/>\n\t<meta name=\"twitter:data1\" content=\"5\u00a0Minuten\" \/>\n<script type=\"application\/ld+json\" class=\"yoast-schema-graph\">{\"@context\":\"https:\\\/\\\/schema.org\",\"@graph\":[{\"@type\":\"WebPage\",\"@id\":\"https:\\\/\\\/campingrhodes.fr\\\/de\\\/die-aktivitaten-2\\\/\",\"url\":\"https:\\\/\\\/campingrhodes.fr\\\/de\\\/die-aktivitaten-2\\\/\",\"name\":\"Die Aktivit\u00e4ten - Camping de Rhodes\",\"isPartOf\":{\"@id\":\"https:\\\/\\\/www.campingrhodes.fr\\\/#website\"},\"datePublished\":\"2018-03-23T13:04:59+00:00\",\"dateModified\":\"2025-10-14T19:54:32+00:00\",\"description\":\"Autour du camping de Rhodes retrouvez de nombreuses activit\u00e9s proche de l'\u00e9tang du Stock. p\u00eache, randonn\u00e9es, visites culturelles, bowling ...\",\"breadcrumb\":{\"@id\":\"https:\\\/\\\/campingrhodes.fr\\\/de\\\/die-aktivitaten-2\\\/#breadcrumb\"},\"inLanguage\":\"de\",\"potentialAction\":[{\"@type\":\"ReadAction\",\"target\":[\"https:\\\/\\\/campingrhodes.fr\\\/de\\\/die-aktivitaten-2\\\/\"]}]},{\"@type\":\"BreadcrumbList\",\"@id\":\"https:\\\/\\\/campingrhodes.fr\\\/de\\\/die-aktivitaten-2\\\/#breadcrumb\",\"itemListElement\":[{\"@type\":\"ListItem\",\"position\":1,\"name\":\"Accueil\",\"item\":\"https:\\\/\\\/campingrhodes.fr\\\/de\\\/\"},{\"@type\":\"ListItem\",\"position\":2,\"name\":\"Die Aktivit\u00e4ten\"}]},{\"@type\":\"WebSite\",\"@id\":\"https:\\\/\\\/www.campingrhodes.fr\\\/#website\",\"url\":\"https:\\\/\\\/www.campingrhodes.fr\\\/\",\"name\":\"Camping de Rhodes - Etang du Stock\",\"description\":\"camping en moselle au bord de l&#039;eau\",\"potentialAction\":[{\"@type\":\"SearchAction\",\"target\":{\"@type\":\"EntryPoint\",\"urlTemplate\":\"https:\\\/\\\/www.campingrhodes.fr\\\/?s={search_term_string}\"},\"query-input\":{\"@type\":\"PropertyValueSpecification\",\"valueRequired\":true,\"valueName\":\"search_term_string\"}}],\"inLanguage\":\"de\"}]}<\/script>\n<!-- \/ Yoast SEO plugin. -->","yoast_head_json":{"title":"Die Aktivit\u00e4ten - Camping de Rhodes","description":"Autour du camping de Rhodes retrouvez de nombreuses activit\u00e9s proche de l'\u00e9tang du Stock. p\u00eache, randonn\u00e9es, visites culturelles, bowling ...","robots":{"index":"index","follow":"follow","max-snippet":"max-snippet:-1","max-image-preview":"max-image-preview:large","max-video-preview":"max-video-preview:-1"},"canonical":"https:\/\/campingrhodes.fr\/de\/die-aktivitaten-2\/","og_locale":"de_DE","og_type":"article","og_title":"Die Aktivit\u00e4ten - Camping de Rhodes","og_description":"Autour du camping de Rhodes retrouvez de nombreuses activit\u00e9s proche de l'\u00e9tang du Stock. p\u00eache, randonn\u00e9es, visites culturelles, bowling ...","og_url":"https:\/\/campingrhodes.fr\/de\/die-aktivitaten-2\/","og_site_name":"Camping de Rhodes","article_publisher":"https:\/\/www.facebook.com\/camping.rhodes\/","article_modified_time":"2025-10-14T19:54:32+00:00","twitter_card":"summary_large_image","twitter_misc":{"Gesch\u00e4tzte Lesezeit":"5\u00a0Minuten"},"schema":{"@context":"https:\/\/schema.org","@graph":[{"@type":"WebPage","@id":"https:\/\/campingrhodes.fr\/de\/die-aktivitaten-2\/","url":"https:\/\/campingrhodes.fr\/de\/die-aktivitaten-2\/","name":"Die Aktivit\u00e4ten - Camping de Rhodes","isPartOf":{"@id":"https:\/\/www.campingrhodes.fr\/#website"},"datePublished":"2018-03-23T13:04:59+00:00","dateModified":"2025-10-14T19:54:32+00:00","description":"Autour du camping de Rhodes retrouvez de nombreuses activit\u00e9s proche de l'\u00e9tang du Stock. p\u00eache, randonn\u00e9es, visites culturelles, bowling ...","breadcrumb":{"@id":"https:\/\/campingrhodes.fr\/de\/die-aktivitaten-2\/#breadcrumb"},"inLanguage":"de","potentialAction":[{"@type":"ReadAction","target":["https:\/\/campingrhodes.fr\/de\/die-aktivitaten-2\/"]}]},{"@type":"BreadcrumbList","@id":"https:\/\/campingrhodes.fr\/de\/die-aktivitaten-2\/#breadcrumb","itemListElement":[{"@type":"ListItem","position":1,"name":"Accueil","item":"https:\/\/campingrhodes.fr\/de\/"},{"@type":"ListItem","position":2,"name":"Die Aktivit\u00e4ten"}]},{"@type":"WebSite","@id":"https:\/\/www.campingrhodes.fr\/#website","url":"https:\/\/www.campingrhodes.fr\/","name":"Camping de Rhodes - Etang du Stock","description":"camping en moselle au bord de l&#039;eau","potentialAction":[{"@type":"SearchAction","target":{"@type":"EntryPoint","urlTemplate":"https:\/\/www.campingrhodes.fr\/?s={search_term_string}"},"query-input":{"@type":"PropertyValueSpecification","valueRequired":true,"valueName":"search_term_string"}}],"inLanguage":"de"}]}},"_links":{"self":[{"href":"https:\/\/campingrhodes.fr\/de\/wp-json\/wp\/v2\/pages\/3159","targetHints":{"allow":["GET"]}}],"collection":[{"href":"https:\/\/campingrhodes.fr\/de\/wp-json\/wp\/v2\/pages"}],"about":[{"href":"https:\/\/campingrhodes.fr\/de\/wp-json\/wp\/v2\/types\/page"}],"author":[{"embeddable":true,"href":"https:\/\/campingrhodes.fr\/de\/wp-json\/wp\/v2\/users\/2"}],"replies":[{"embeddable":true,"href":"https:\/\/campingrhodes.fr\/de\/wp-json\/wp\/v2\/comments?post=3159"}],"version-history":[{"count":40,"href":"https:\/\/campingrhodes.fr\/de\/wp-json\/wp\/v2\/pages\/3159\/revisions"}],"predecessor-version":[{"id":3750,"href":"https:\/\/campingrhodes.fr\/de\/wp-json\/wp\/v2\/pages\/3159\/revisions\/3750"}],"wp:featuredmedia":[{"embeddable":true,"href":"https:\/\/campingrhodes.fr\/de\/wp-json\/"}],"wp:attachment":[{"href":"https:\/\/campingrhodes.fr\/de\/wp-json\/wp\/v2\/media?parent=3159"}],"curies":[{"name":"wp","href":"https:\/\/api.w.org\/{rel}","templated":true}]}}