{"id":3151,"date":"2018-03-23T12:42:59","date_gmt":"2018-03-23T12:42:59","guid":{"rendered":"https:\/die-pontons\/"},"modified":"2023-02-13T16:55:05","modified_gmt":"2023-02-13T16:55:05","slug":"die-pontons","status":"publish","type":"page","link":"https:\/\/campingrhodes.fr\/de\/die-pontons\/","title":{"rendered":"Die Pontons"},"content":{"rendered":"<div class=\"wpb-content-wrapper\"><p>[vc_row full_width=&#8220;stretch_row&#8220; css=&#8220;.vc_custom_1517847550065{margin-top: 50px !important;margin-bottom: 50px !important;}&#8220;][vc_column][vc_custom_heading text=&#8220;Der Campingplatz Rhodes vermietet Pontons&#8230;&#8220; font_container=&#8220;tag:h2|text_align:center&#8220; use_theme_fonts=&#8220;yes&#8220;][vc_column_text]<\/p>\n<p style=\"text-align: center;\"><strong>\u00a0&#8230; egal, ob Sie ein Segelboot oder ein Motorboot haben.<\/strong><\/p>\n<p style=\"text-align: center;\">Die Pontons werden pro Monat (April bis Oktober) oder tageweise vermietet<\/p>\n<p style=\"text-align: center;\">F\u00fcr die Bootsfahrt am Stockweiher ist die staatliche Wasserstra\u00dfenverwaltung Voies Navigables de France (VNF) zust\u00e4ndig. Wenn Sie mit einem Boot auf dem Weiher fahren m\u00f6chten, m\u00fcssen Sie eine Vignette kaufen, die auf <a href=\"http:\/\/www.vnf.fr\" target=\"_blank\" rel=\"noopener\">www.vnf.fr<\/a> erh\u00e4ltlich ist<\/p>\n<p>[\/vc_column_text][\/vc_column][\/vc_row][vc_row][vc_column css_animation=&#8220;fadeIn&#8220;][vc_custom_heading text=&#8220;Preise f\u00fcr die Pontons&#8220; font_container=&#8220;tag:h3|text_align:center&#8220; use_theme_fonts=&#8220;yes&#8220;][vc_column_text]<\/p>\n<p style=\"text-align: center;\"><strong>150 \u20ac<\/strong> pro Monat.<\/p>\n<p style=\"text-align: center;\"><strong>10 \u20ac<\/strong> pro Tag.<\/p>\n<p>[\/vc_column_text][\/vc_column][\/vc_row][vc_row][vc_column][vc_masonry_media_grid grid_id=&#8220;vc_gid:1676307231155-829e9f75-6f74-6&#8243; include=&#8220;2765,2768,2771,2774,2761&#8243;][\/vc_column][\/vc_row][vc_row][vc_column width=&#8220;1\/2&#8243;][vc_message message_box_style=&#8220;solid-icon&#8220; style=&#8220;square&#8220; message_box_color=&#8220;blue&#8220; css_animation=&#8220;slideInRight&#8220;]<\/p>\n<p style=\"text-align: center;\"><strong>Dienstleistungen in Rhodes:<\/strong><\/p>\n<ul>\n<li>B\u00e4ckerei-Lebensmittelgesch\u00e4ft \u2013 t\u00e4glich ge\u00f6ffnet im Juli \u2013 August von 8 bis 12 Uhr, sowie jedes Wochenende von April bis September.<\/li>\n<li>B\u00e4ckerwagen t\u00e4glich au\u00dfer Montag gegen 9 Uhr vor dem Campingplatz.<\/li>\n<li>Bars, Restaurants:<br \/>\nEuropean Nautic, Rue de l\u2019\u00c9tang<br \/>\nRestaurant Les Paquis, All\u00e9e des Comtes de Rod\u00e9<\/li>\n<\/ul>\n<p>[\/vc_message][\/vc_column][vc_column width=&#8220;1\/2&#8243;][vc_cta h2=&#8220;Ich bin interessiert!&#8220; txt_align=&#8220;center&#8220; shape=&#8220;square&#8220; style=&#8220;flat&#8220; color=&#8220;sky&#8220; add_button=&#8220;bottom&#8220; btn_title=&#8220;Reservieren&#8220; btn_style=&#8220;outline&#8220; btn_color=&#8220;white&#8220; btn_size=&#8220;lg&#8220; btn_align=&#8220;center&#8220; btn_css_animation=&#8220;zoomIn&#8220; css_animation=&#8220;fadeInRight&#8220; btn_link=&#8220;url:%2F%3Fpage_id%3D2297|&#8220;]Kontaktieren Sie uns f\u00fcr weitere Informationen oder um Ihren Stellplatz zu reservieren.[\/vc_cta][\/vc_column][\/vc_row]<\/p>\n<\/div>","protected":false},"excerpt":{"rendered":"<p>[vc_row full_width=&#8220;stretch_row&#8220; css=&#8220;.vc_custom_1517847550065{margin-top: 50px !important;margin-bottom: 50px !important;}&#8220;][vc_column][vc_custom_heading text=&#8220;Der Campingplatz Rhodes vermietet Pontons&#8230;&#8220; font_container=&#8220;tag:h2|text_align:center&#8220; use_theme_fonts=&#8220;yes&#8220;][vc_column_text] \u00a0&#8230; egal, ob Sie ein Segelboot oder ein Motorboot haben. Die Pontons<span class=\"excerpt-hellip\"> [\u2026]<\/span><\/p>\n","protected":false},"author":2,"featured_media":0,"parent":0,"menu_order":0,"comment_status":"closed","ping_status":"closed","template":"","meta":{"_exactmetrics_skip_tracking":false,"_exactmetrics_sitenote_active":false,"_exactmetrics_sitenote_note":"","_exactmetrics_sitenote_category":0,"footnotes":""},"class_list":["post-3151","page","type-page","status-publish","hentry"],"yoast_head":"<!-- This site is optimized with the Yoast SEO plugin v27.4 - https:\/\/yoast.com\/product\/yoast-seo-wordpress\/ -->\n<title>Die Pontons - Camping de Rhodes<\/title>\n<meta name=\"description\" content=\"que vous ayez un voilier ou un bateau moteur. Le camping loue des pontons sur l&#039;\u00e9tang du Stock \u00e0 la saison (avril \u00e0 octobre) ou \u00e0 la journ\u00e9e\" \/>\n<meta name=\"robots\" content=\"index, follow, max-snippet:-1, max-image-preview:large, max-video-preview:-1\" \/>\n<link rel=\"canonical\" href=\"https:\/\/campingrhodes.fr\/de\/die-pontons\/\" \/>\n<meta property=\"og:locale\" content=\"de_DE\" \/>\n<meta property=\"og:type\" content=\"article\" \/>\n<meta property=\"og:title\" content=\"Die Pontons - Camping de Rhodes\" \/>\n<meta property=\"og:description\" content=\"que vous ayez un voilier ou un bateau moteur. Le camping loue des pontons sur l&#039;\u00e9tang du Stock \u00e0 la saison (avril \u00e0 octobre) ou \u00e0 la journ\u00e9e\" \/>\n<meta property=\"og:url\" content=\"https:\/\/campingrhodes.fr\/de\/die-pontons\/\" \/>\n<meta property=\"og:site_name\" content=\"Camping de Rhodes\" \/>\n<meta property=\"article:publisher\" content=\"https:\/\/www.facebook.com\/camping.rhodes\/\" \/>\n<meta property=\"article:modified_time\" content=\"2023-02-13T16:55:05+00:00\" \/>\n<meta name=\"twitter:card\" content=\"summary_large_image\" \/>\n<meta name=\"twitter:label1\" content=\"Gesch\u00e4tzte Lesezeit\" \/>\n\t<meta name=\"twitter:data1\" content=\"1\u00a0Minute\" \/>\n<script type=\"application\/ld+json\" class=\"yoast-schema-graph\">{\"@context\":\"https:\\\/\\\/schema.org\",\"@graph\":[{\"@type\":\"WebPage\",\"@id\":\"https:\\\/\\\/campingrhodes.fr\\\/de\\\/die-pontons\\\/\",\"url\":\"https:\\\/\\\/campingrhodes.fr\\\/de\\\/die-pontons\\\/\",\"name\":\"Die Pontons - Camping de Rhodes\",\"isPartOf\":{\"@id\":\"https:\\\/\\\/www.campingrhodes.fr\\\/#website\"},\"datePublished\":\"2018-03-23T12:42:59+00:00\",\"dateModified\":\"2023-02-13T16:55:05+00:00\",\"description\":\"que vous ayez un voilier ou un bateau moteur. Le camping loue des pontons sur l'\u00e9tang du Stock \u00e0 la saison (avril \u00e0 octobre) ou \u00e0 la journ\u00e9e\",\"breadcrumb\":{\"@id\":\"https:\\\/\\\/campingrhodes.fr\\\/de\\\/die-pontons\\\/#breadcrumb\"},\"inLanguage\":\"de\",\"potentialAction\":[{\"@type\":\"ReadAction\",\"target\":[\"https:\\\/\\\/campingrhodes.fr\\\/de\\\/die-pontons\\\/\"]}]},{\"@type\":\"BreadcrumbList\",\"@id\":\"https:\\\/\\\/campingrhodes.fr\\\/de\\\/die-pontons\\\/#breadcrumb\",\"itemListElement\":[{\"@type\":\"ListItem\",\"position\":1,\"name\":\"Accueil\",\"item\":\"https:\\\/\\\/campingrhodes.fr\\\/de\\\/\"},{\"@type\":\"ListItem\",\"position\":2,\"name\":\"Die Pontons\"}]},{\"@type\":\"WebSite\",\"@id\":\"https:\\\/\\\/www.campingrhodes.fr\\\/#website\",\"url\":\"https:\\\/\\\/www.campingrhodes.fr\\\/\",\"name\":\"Camping de Rhodes - Etang du Stock\",\"description\":\"camping en moselle au bord de l&#039;eau\",\"potentialAction\":[{\"@type\":\"SearchAction\",\"target\":{\"@type\":\"EntryPoint\",\"urlTemplate\":\"https:\\\/\\\/www.campingrhodes.fr\\\/?s={search_term_string}\"},\"query-input\":{\"@type\":\"PropertyValueSpecification\",\"valueRequired\":true,\"valueName\":\"search_term_string\"}}],\"inLanguage\":\"de\"}]}<\/script>\n<!-- \/ Yoast SEO plugin. -->","yoast_head_json":{"title":"Die Pontons - Camping de Rhodes","description":"que vous ayez un voilier ou un bateau moteur. Le camping loue des pontons sur l'\u00e9tang du Stock \u00e0 la saison (avril \u00e0 octobre) ou \u00e0 la journ\u00e9e","robots":{"index":"index","follow":"follow","max-snippet":"max-snippet:-1","max-image-preview":"max-image-preview:large","max-video-preview":"max-video-preview:-1"},"canonical":"https:\/\/campingrhodes.fr\/de\/die-pontons\/","og_locale":"de_DE","og_type":"article","og_title":"Die Pontons - Camping de Rhodes","og_description":"que vous ayez un voilier ou un bateau moteur. Le camping loue des pontons sur l'\u00e9tang du Stock \u00e0 la saison (avril \u00e0 octobre) ou \u00e0 la journ\u00e9e","og_url":"https:\/\/campingrhodes.fr\/de\/die-pontons\/","og_site_name":"Camping de Rhodes","article_publisher":"https:\/\/www.facebook.com\/camping.rhodes\/","article_modified_time":"2023-02-13T16:55:05+00:00","twitter_card":"summary_large_image","twitter_misc":{"Gesch\u00e4tzte Lesezeit":"1\u00a0Minute"},"schema":{"@context":"https:\/\/schema.org","@graph":[{"@type":"WebPage","@id":"https:\/\/campingrhodes.fr\/de\/die-pontons\/","url":"https:\/\/campingrhodes.fr\/de\/die-pontons\/","name":"Die Pontons - Camping de Rhodes","isPartOf":{"@id":"https:\/\/www.campingrhodes.fr\/#website"},"datePublished":"2018-03-23T12:42:59+00:00","dateModified":"2023-02-13T16:55:05+00:00","description":"que vous ayez un voilier ou un bateau moteur. Le camping loue des pontons sur l'\u00e9tang du Stock \u00e0 la saison (avril \u00e0 octobre) ou \u00e0 la journ\u00e9e","breadcrumb":{"@id":"https:\/\/campingrhodes.fr\/de\/die-pontons\/#breadcrumb"},"inLanguage":"de","potentialAction":[{"@type":"ReadAction","target":["https:\/\/campingrhodes.fr\/de\/die-pontons\/"]}]},{"@type":"BreadcrumbList","@id":"https:\/\/campingrhodes.fr\/de\/die-pontons\/#breadcrumb","itemListElement":[{"@type":"ListItem","position":1,"name":"Accueil","item":"https:\/\/campingrhodes.fr\/de\/"},{"@type":"ListItem","position":2,"name":"Die Pontons"}]},{"@type":"WebSite","@id":"https:\/\/www.campingrhodes.fr\/#website","url":"https:\/\/www.campingrhodes.fr\/","name":"Camping de Rhodes - Etang du Stock","description":"camping en moselle au bord de l&#039;eau","potentialAction":[{"@type":"SearchAction","target":{"@type":"EntryPoint","urlTemplate":"https:\/\/www.campingrhodes.fr\/?s={search_term_string}"},"query-input":{"@type":"PropertyValueSpecification","valueRequired":true,"valueName":"search_term_string"}}],"inLanguage":"de"}]}},"_links":{"self":[{"href":"https:\/\/campingrhodes.fr\/de\/wp-json\/wp\/v2\/pages\/3151","targetHints":{"allow":["GET"]}}],"collection":[{"href":"https:\/\/campingrhodes.fr\/de\/wp-json\/wp\/v2\/pages"}],"about":[{"href":"https:\/\/campingrhodes.fr\/de\/wp-json\/wp\/v2\/types\/page"}],"author":[{"embeddable":true,"href":"https:\/\/campingrhodes.fr\/de\/wp-json\/wp\/v2\/users\/2"}],"replies":[{"embeddable":true,"href":"https:\/\/campingrhodes.fr\/de\/wp-json\/wp\/v2\/comments?post=3151"}],"version-history":[{"count":13,"href":"https:\/\/campingrhodes.fr\/de\/wp-json\/wp\/v2\/pages\/3151\/revisions"}],"predecessor-version":[{"id":3536,"href":"https:\/\/campingrhodes.fr\/de\/wp-json\/wp\/v2\/pages\/3151\/revisions\/3536"}],"wp:attachment":[{"href":"https:\/\/campingrhodes.fr\/de\/wp-json\/wp\/v2\/media?parent=3151"}],"curies":[{"name":"wp","href":"https:\/\/api.w.org\/{rel}","templated":true}]}}