{"id":3137,"date":"2018-03-23T12:31:34","date_gmt":"2018-03-23T12:31:34","guid":{"rendered":"https:\/ungewohnliche-unterkunfte\/"},"modified":"2025-02-01T08:00:38","modified_gmt":"2025-02-01T08:00:38","slug":"ungewohnliche-unterkunfte-2","status":"publish","type":"page","link":"https:\/\/campingrhodes.fr\/de\/ungewohnliche-unterkunfte-2\/","title":{"rendered":"Ungew\u00f6hnliche Unterk\u00fcnfte"},"content":{"rendered":"<div class=\"wpb-content-wrapper\"><p>[vc_row full_width=&#8220;stretch_row&#8220; css_animation=&#8220;fadeInLeft&#8220; css=&#8220;.vc_custom_1517849767763{background-color: #3d3d3d !important;}&#8220;][vc_column width=&#8220;2\/3&#8243;][vc_custom_heading text=&#8220;Das Pod, eine \u00f6kologische Unterkunft aus Holz&#8220; font_container=&#8220;tag:h3|text_align:left|color:%23ffffff&#8220; use_theme_fonts=&#8220;yes&#8220;][vc_empty_space][vc_column_text el_class=&#8220;blanc&#8220;]Eine h\u00fcbsche H\u00fctte aus Fichtenholz mit Platz f\u00fcr bis zu <strong>2 Personen<\/strong>. Mit seinem hervorragenden Komfort und seiner Lage am Ufer des Stockweihers begeistert das Pod all jene, die den Kontakt mit der Natur suchen.<\/p>\n<p><strong>G\u00f6nnen Sie sich ein wahres Naturerlebnis auf dem Campingplatz Rhodes.<\/strong>[\/vc_column_text][\/vc_column][vc_column width=&#8220;1\/3&#8243;][vc_single_image image=&#8220;2368&#8243; img_size=&#8220;full&#8220; style=&#8220;vc_box_rounded&#8220;][\/vc_column][\/vc_row][vc_row css=&#8220;.vc_custom_1517840861749{margin-top: 50px !important;margin-bottom: 50px !important;}&#8220;][vc_column][vc_column_text]<\/p>\n<p style=\"text-align: center;\"><strong>Der Campingplatz Rhodes erm\u00f6glicht Ihnen<\/strong><\/p>\n<p>[\/vc_column_text][vc_custom_heading text=&#8220;die \u00dcbernachtung im POD, direkt am Seeufer.&#8220; font_container=&#8220;tag:h2|text_align:center&#8220; use_theme_fonts=&#8220;yes&#8220;][vc_column_text]<\/p>\n<p style=\"text-align: center;\">Mit einer Innenfl\u00e4che von<strong> 15m2<\/strong> und <strong>9m2<\/strong> Terrasse ist das Pod ideal f\u00fcr 2 Personen.<\/p>\n<p style=\"text-align: center;\">Es ist mit 2 Einzelbetten (90 x 190 cm), einem Sofa, einem Tisch, 4 St\u00fchlen, 1 K\u00fchlschrank, 1 Mikrowellenherd, sowie Geschirr.<\/p>\n<p style=\"text-align: center;\"><strong>Kopfkissen, Bettdecken und Bettw\u00e4sche<\/strong> werden gestellt<\/p>\n<p style=\"text-align: center;\">Auf Wunsch k\u00f6nnen wir Ihnen einen Grill ausleihen.<\/p>\n<p style=\"text-align: center;\">Die Mindestmietdauer betr\u00e4gt <strong>2 N\u00e4chte<\/strong>.<\/p>\n<p style=\"text-align: center;\"><span style=\"color: #ff9900;\"><em><strong>(Die Pod sind nicht zug\u00e4nglich f\u00fcr Personen mit eingeschr\u00e4nkter Mobilit\u00e4t)<\/strong><\/em><\/span><\/p>\n<p>[\/vc_column_text][\/vc_column][\/vc_row][vc_row][vc_column css_animation=&#8220;fadeIn&#8220; width=&#8220;1\/2&#8243;][vc_custom_heading text=&#8220;Pod 2 N\u00e4chte&#8220; font_container=&#8220;tag:h3|text_align:center&#8220; use_theme_fonts=&#8220;yes&#8220;][vc_column_text]<\/p>\n<p style=\"text-align: center;\"><strong>150 \u20ac \/ 2 N\u00e4chte \/ 2 Personen<\/strong>\u00a0+ <strong>0,80\u20ac<\/strong> Aufenthaltstaxe<\/p>\n<p style=\"text-align: center;\"><strong>+ 60 \u20ac<\/strong> <strong>\/ zus\u00e4tzliche Nacht<\/strong><\/p>\n<p>[\/vc_column_text][\/vc_column][vc_column css_animation=&#8220;fadeIn&#8220; width=&#8220;1\/2&#8243;][vc_custom_heading text=&#8220;Pod 1 Woche&#8220; font_container=&#8220;tag:h3|text_align:center&#8220; use_theme_fonts=&#8220;yes&#8220;][vc_column_text]<\/p>\n<p style=\"text-align: center;\"><b>Vermietung pro Woche<\/b><\/p>\n<p style=\"text-align: center;\">Fragen Sie uns<\/p>\n<p>[\/vc_column_text][\/vc_column][\/vc_row][vc_row][vc_column width=&#8220;2\/3&#8243;][vc_gallery interval=&#8220;3&#8243; images=&#8220;2686,2689,2692,2695,2698,2683&#8243; img_size=&#8220;large&#8220;][\/vc_column][vc_column width=&#8220;1\/3&#8243;][vc_message message_box_style=&#8220;solid-icon&#8220; style=&#8220;square&#8220; message_box_color=&#8220;blue&#8220; css_animation=&#8220;slideInRight&#8220;]<\/p>\n<p style=\"text-align: center;\"><strong>Dienstleistungen in Rhodes:<\/strong><\/p>\n<ul>\n<li>B\u00e4ckerei-Lebensmittelgesch\u00e4ft \u2013 t\u00e4glich ge\u00f6ffnet im Juli \u2013 August von 8 bis 12 Uhr, sowie jedes Wochenende von April bis September.<\/li>\n<li>B\u00e4ckerwagen t\u00e4glich au\u00dfer Montag gegen 9 Uhr vor dem Campingplatz.<\/li>\n<li>Bars, Restaurants:<br \/>\nEuropean Nautic, Rue de l\u2019\u00c9tang<br \/>\nRestaurant Les Paquis, All\u00e9e des Comtes de Rod\u00e9<\/li>\n<\/ul>\n<p>[\/vc_message][vc_cta h2=&#8220;Ich bin interessiert!&#8220; txt_align=&#8220;center&#8220; shape=&#8220;square&#8220; style=&#8220;flat&#8220; color=&#8220;sky&#8220; add_button=&#8220;bottom&#8220; btn_title=&#8220;Reservieren&#8220; btn_style=&#8220;outline&#8220; btn_color=&#8220;white&#8220; btn_size=&#8220;lg&#8220; btn_align=&#8220;center&#8220; btn_css_animation=&#8220;zoomIn&#8220; css_animation=&#8220;fadeInRight&#8220; btn_link=&#8220;url:%2F%3Fpage_id%3D2297|&#8220;]Kontaktieren Sie uns f\u00fcr weitere Informationen oder um Ihren Stellplatz zu reservieren.[\/vc_cta][\/vc_column][\/vc_row][vc_row][vc_column][\/vc_column][\/vc_row]<\/p>\n<\/div>","protected":false},"excerpt":{"rendered":"<p>[vc_row full_width=&#8220;stretch_row&#8220; css_animation=&#8220;fadeInLeft&#8220; css=&#8220;.vc_custom_1517849767763{background-color: #3d3d3d !important;}&#8220;][vc_column width=&#8220;2\/3&#8243;][vc_custom_heading text=&#8220;Das Pod, eine \u00f6kologische Unterkunft aus Holz&#8220; font_container=&#8220;tag:h3|text_align:left|color:%23ffffff&#8220; use_theme_fonts=&#8220;yes&#8220;][vc_empty_space][vc_column_text el_class=&#8220;blanc&#8220;]Eine h\u00fcbsche H\u00fctte aus Fichtenholz mit Platz f\u00fcr bis zu<span class=\"excerpt-hellip\"> [\u2026]<\/span><\/p>\n","protected":false},"author":2,"featured_media":0,"parent":0,"menu_order":0,"comment_status":"closed","ping_status":"closed","template":"","meta":{"_exactmetrics_skip_tracking":false,"_exactmetrics_sitenote_active":false,"_exactmetrics_sitenote_note":"","_exactmetrics_sitenote_category":0,"footnotes":""},"class_list":["post-3137","page","type-page","status-publish","hentry"],"yoast_head":"<!-- This site is optimized with the Yoast SEO plugin v27.4 - https:\/\/yoast.com\/product\/yoast-seo-wordpress\/ -->\n<title>Ungew\u00f6hnliche Unterk\u00fcnfte - Camping de Rhodes<\/title>\n<meta name=\"description\" content=\"Le camping de Rhodes vous propose des h\u00e9bergements insolites en POD, petite cabane en bois de 15m2 tout confort. Immersion nature assur\u00e9e\" \/>\n<meta name=\"robots\" content=\"index, follow, max-snippet:-1, max-image-preview:large, max-video-preview:-1\" \/>\n<link rel=\"canonical\" href=\"https:\/\/www.campingrhodes.fr\/de\/ungewohnliche-unterkunfte-2\/\" \/>\n<meta property=\"og:locale\" content=\"de_DE\" \/>\n<meta property=\"og:type\" content=\"article\" \/>\n<meta property=\"og:title\" content=\"Ungew\u00f6hnliche Unterk\u00fcnfte - Camping de Rhodes\" \/>\n<meta property=\"og:description\" content=\"Le camping de Rhodes vous propose des h\u00e9bergements insolites en POD, petite cabane en bois de 15m2 tout confort. Immersion nature assur\u00e9e\" \/>\n<meta property=\"og:url\" content=\"https:\/\/www.campingrhodes.fr\/de\/ungewohnliche-unterkunfte-2\/\" \/>\n<meta property=\"og:site_name\" content=\"Camping de Rhodes\" \/>\n<meta property=\"article:publisher\" content=\"https:\/\/www.facebook.com\/camping.rhodes\/\" \/>\n<meta property=\"article:modified_time\" content=\"2025-02-01T08:00:38+00:00\" \/>\n<meta name=\"twitter:card\" content=\"summary_large_image\" \/>\n<meta name=\"twitter:label1\" content=\"Gesch\u00e4tzte Lesezeit\" \/>\n\t<meta name=\"twitter:data1\" content=\"2\u00a0Minuten\" \/>\n<script type=\"application\/ld+json\" class=\"yoast-schema-graph\">{\"@context\":\"https:\\\/\\\/schema.org\",\"@graph\":[{\"@type\":\"WebPage\",\"@id\":\"https:\\\/\\\/www.campingrhodes.fr\\\/de\\\/ungewohnliche-unterkunfte-2\\\/\",\"url\":\"https:\\\/\\\/www.campingrhodes.fr\\\/de\\\/ungewohnliche-unterkunfte-2\\\/\",\"name\":\"Ungew\u00f6hnliche Unterk\u00fcnfte - Camping de Rhodes\",\"isPartOf\":{\"@id\":\"https:\\\/\\\/www.campingrhodes.fr\\\/#website\"},\"datePublished\":\"2018-03-23T12:31:34+00:00\",\"dateModified\":\"2025-02-01T08:00:38+00:00\",\"description\":\"Le camping de Rhodes vous propose des h\u00e9bergements insolites en POD, petite cabane en bois de 15m2 tout confort. Immersion nature assur\u00e9e\",\"breadcrumb\":{\"@id\":\"https:\\\/\\\/www.campingrhodes.fr\\\/de\\\/ungewohnliche-unterkunfte-2\\\/#breadcrumb\"},\"inLanguage\":\"de\",\"potentialAction\":[{\"@type\":\"ReadAction\",\"target\":[\"https:\\\/\\\/www.campingrhodes.fr\\\/de\\\/ungewohnliche-unterkunfte-2\\\/\"]}]},{\"@type\":\"BreadcrumbList\",\"@id\":\"https:\\\/\\\/www.campingrhodes.fr\\\/de\\\/ungewohnliche-unterkunfte-2\\\/#breadcrumb\",\"itemListElement\":[{\"@type\":\"ListItem\",\"position\":1,\"name\":\"Accueil\",\"item\":\"https:\\\/\\\/campingrhodes.fr\\\/de\\\/\"},{\"@type\":\"ListItem\",\"position\":2,\"name\":\"Ungew\u00f6hnliche Unterk\u00fcnfte\"}]},{\"@type\":\"WebSite\",\"@id\":\"https:\\\/\\\/www.campingrhodes.fr\\\/#website\",\"url\":\"https:\\\/\\\/www.campingrhodes.fr\\\/\",\"name\":\"Camping de Rhodes - Etang du Stock\",\"description\":\"camping en moselle au bord de l&#039;eau\",\"potentialAction\":[{\"@type\":\"SearchAction\",\"target\":{\"@type\":\"EntryPoint\",\"urlTemplate\":\"https:\\\/\\\/www.campingrhodes.fr\\\/?s={search_term_string}\"},\"query-input\":{\"@type\":\"PropertyValueSpecification\",\"valueRequired\":true,\"valueName\":\"search_term_string\"}}],\"inLanguage\":\"de\"}]}<\/script>\n<!-- \/ Yoast SEO plugin. -->","yoast_head_json":{"title":"Ungew\u00f6hnliche Unterk\u00fcnfte - Camping de Rhodes","description":"Le camping de Rhodes vous propose des h\u00e9bergements insolites en POD, petite cabane en bois de 15m2 tout confort. Immersion nature assur\u00e9e","robots":{"index":"index","follow":"follow","max-snippet":"max-snippet:-1","max-image-preview":"max-image-preview:large","max-video-preview":"max-video-preview:-1"},"canonical":"https:\/\/www.campingrhodes.fr\/de\/ungewohnliche-unterkunfte-2\/","og_locale":"de_DE","og_type":"article","og_title":"Ungew\u00f6hnliche Unterk\u00fcnfte - Camping de Rhodes","og_description":"Le camping de Rhodes vous propose des h\u00e9bergements insolites en POD, petite cabane en bois de 15m2 tout confort. Immersion nature assur\u00e9e","og_url":"https:\/\/www.campingrhodes.fr\/de\/ungewohnliche-unterkunfte-2\/","og_site_name":"Camping de Rhodes","article_publisher":"https:\/\/www.facebook.com\/camping.rhodes\/","article_modified_time":"2025-02-01T08:00:38+00:00","twitter_card":"summary_large_image","twitter_misc":{"Gesch\u00e4tzte Lesezeit":"2\u00a0Minuten"},"schema":{"@context":"https:\/\/schema.org","@graph":[{"@type":"WebPage","@id":"https:\/\/www.campingrhodes.fr\/de\/ungewohnliche-unterkunfte-2\/","url":"https:\/\/www.campingrhodes.fr\/de\/ungewohnliche-unterkunfte-2\/","name":"Ungew\u00f6hnliche Unterk\u00fcnfte - Camping de Rhodes","isPartOf":{"@id":"https:\/\/www.campingrhodes.fr\/#website"},"datePublished":"2018-03-23T12:31:34+00:00","dateModified":"2025-02-01T08:00:38+00:00","description":"Le camping de Rhodes vous propose des h\u00e9bergements insolites en POD, petite cabane en bois de 15m2 tout confort. Immersion nature assur\u00e9e","breadcrumb":{"@id":"https:\/\/www.campingrhodes.fr\/de\/ungewohnliche-unterkunfte-2\/#breadcrumb"},"inLanguage":"de","potentialAction":[{"@type":"ReadAction","target":["https:\/\/www.campingrhodes.fr\/de\/ungewohnliche-unterkunfte-2\/"]}]},{"@type":"BreadcrumbList","@id":"https:\/\/www.campingrhodes.fr\/de\/ungewohnliche-unterkunfte-2\/#breadcrumb","itemListElement":[{"@type":"ListItem","position":1,"name":"Accueil","item":"https:\/\/campingrhodes.fr\/de\/"},{"@type":"ListItem","position":2,"name":"Ungew\u00f6hnliche Unterk\u00fcnfte"}]},{"@type":"WebSite","@id":"https:\/\/www.campingrhodes.fr\/#website","url":"https:\/\/www.campingrhodes.fr\/","name":"Camping de Rhodes - Etang du Stock","description":"camping en moselle au bord de l&#039;eau","potentialAction":[{"@type":"SearchAction","target":{"@type":"EntryPoint","urlTemplate":"https:\/\/www.campingrhodes.fr\/?s={search_term_string}"},"query-input":{"@type":"PropertyValueSpecification","valueRequired":true,"valueName":"search_term_string"}}],"inLanguage":"de"}]}},"_links":{"self":[{"href":"https:\/\/campingrhodes.fr\/de\/wp-json\/wp\/v2\/pages\/3137","targetHints":{"allow":["GET"]}}],"collection":[{"href":"https:\/\/campingrhodes.fr\/de\/wp-json\/wp\/v2\/pages"}],"about":[{"href":"https:\/\/campingrhodes.fr\/de\/wp-json\/wp\/v2\/types\/page"}],"author":[{"embeddable":true,"href":"https:\/\/campingrhodes.fr\/de\/wp-json\/wp\/v2\/users\/2"}],"replies":[{"embeddable":true,"href":"https:\/\/campingrhodes.fr\/de\/wp-json\/wp\/v2\/comments?post=3137"}],"version-history":[{"count":24,"href":"https:\/\/campingrhodes.fr\/de\/wp-json\/wp\/v2\/pages\/3137\/revisions"}],"predecessor-version":[{"id":3726,"href":"https:\/\/campingrhodes.fr\/de\/wp-json\/wp\/v2\/pages\/3137\/revisions\/3726"}],"wp:attachment":[{"href":"https:\/\/campingrhodes.fr\/de\/wp-json\/wp\/v2\/media?parent=3137"}],"curies":[{"name":"wp","href":"https:\/\/api.w.org\/{rel}","templated":true}]}}