{"id":3109,"date":"2018-03-23T12:14:11","date_gmt":"2018-03-23T12:14:11","guid":{"rendered":"https:\/der-campingplatz\/"},"modified":"2025-02-02T19:44:31","modified_gmt":"2025-02-02T19:44:31","slug":"der-campingplatz","status":"publish","type":"page","link":"https:\/\/campingrhodes.fr\/de\/der-campingplatz\/","title":{"rendered":"Der Campingplatz"},"content":{"rendered":"<div class=\"wpb-content-wrapper\"><p>[vc_row css=&#8220;.vc_custom_1517914660802{margin-top: 50px !important;margin-bottom: 50px !important;}&#8220;][vc_column][vc_custom_heading text=&#8220;Ein Campingplatz inmitten der Natur, direkt am Seeufer&#8220; font_container=&#8220;tag:h2|text_align:center&#8220; use_theme_fonts=&#8220;yes&#8220;][vc_column_text]<\/p>\n<p style=\"text-align: center;\">Unser Campingplatz bietet 29 Stellpl\u00e4tze mit mindestens 70m2 f\u00fcr Wohnmobil, Wohnwagen oder Zelt <em><strong><span style=\"color: #339966;\">(zug\u00e4nglich f\u00fcr Menschen mit eingeschr\u00e4nkter Mobilit\u00e4t)<\/span>.<\/strong><\/em><\/p>\n<p style=\"text-align: center;\">Au\u00dferdem bieten wir 3 ungew\u00f6hnliche Unterk\u00fcnfte, sogenannte PODS (Holzh\u00fctten) mit 15m2 an. Sie sind ideal am Seeufer gelegen.<\/p>\n<p style=\"text-align: center;\">Und auch 2 CHALETS mit allem Komfort.<\/p>\n<p style=\"text-align: center;\"><span style=\"color: #339966;\"><em><strong>(Die Unterk\u00fcnfte sind nicht f\u00fcr Menschen mit eingeschr\u00e4nkter Mobilit\u00e4t zug\u00e4nglich)<\/strong><\/em><\/span><\/p>\n<p>[\/vc_column_text][\/vc_column][\/vc_row][vc_row css=&#8220;.vc_custom_1517914660802{margin-top: 50px !important;margin-bottom: 50px !important;}&#8220;][vc_column width=&#8220;2\/3&#8243;][vc_masonry_media_grid element_width=&#8220;6&#8243; grid_id=&#8220;vc_gid:1738525435932-24c724b2-e1bb-7&#8243; include=&#8220;2740,2743,2746,2749,2752,2755,2758,2761,3429,3441&#8243;][\/vc_column][vc_column width=&#8220;1\/3&#8243;]<div class=\"counter counter_vertical animate-math\"><div class=\"desc_wrapper\"><div class=\"number-wrapper\"><span class=\"number\" data-to=\"29\"  >29<\/span><\/div><\/div><\/div>\n[vc_custom_heading text=&#8220;Stellpl\u00e4tze&#8220; font_container=&#8220;tag:h3|text_align:center&#8220; use_theme_fonts=&#8220;yes&#8220;]<div class=\"counter counter_vertical animate-math\"><div class=\"desc_wrapper\"><div class=\"number-wrapper\"><span class=\"number\" data-to=\"3\"  >3<\/span><\/div><\/div><\/div>\n[vc_custom_heading text=&#8220;Pods&#8220; font_container=&#8220;tag:h3|text_align:center&#8220; use_theme_fonts=&#8220;yes&#8220;]<div class=\"counter counter_vertical animate-math\"><div class=\"desc_wrapper\"><div class=\"number-wrapper\"><span class=\"number\" data-to=\"2\"  >2<\/span><\/div><\/div><\/div>\n[vc_custom_heading text=&#8220;Chalets&#8220; font_container=&#8220;tag:h3|text_align:center&#8220; use_theme_fonts=&#8220;yes&#8220;]<div class=\"counter counter_vertical animate-math\"><div class=\"desc_wrapper\"><div class=\"number-wrapper\"><span class=\"number\" data-to=\"1\"  >1<\/span><\/div><\/div><\/div>\n[vc_custom_heading text=&#8220;Kota-Grill&#8220; font_container=&#8220;tag:h3|text_align:center&#8220; use_theme_fonts=&#8220;yes&#8220;][\/vc_column][\/vc_row][vc_row css=&#8220;.vc_custom_1517914660802{margin-top: 50px !important;margin-bottom: 50px !important;}&#8220;][vc_column][vc_custom_heading text=&#8220;Unsere Preise&#8220; font_container=&#8220;tag:h2|text_align:center&#8220; use_theme_fonts=&#8220;yes&#8220;][\/vc_column][\/vc_row][vc_row css=&#8220;.vc_custom_1517911255469{margin-top: 0px !important;}&#8220;][vc_column css_animation=&#8220;fadeIn&#8220; width=&#8220;1\/3&#8243;][vc_custom_heading text=&#8220;Zelt (2 Personen) : 17,60 \u20ac\/Tag + 0,40 \u20ac Aufenthaltstaxe<br \/>\nZus\u00e4tzliche Person : 5 \u20ac\/Tag&#8220; font_container=&#8220;tag:h4|text_align:center&#8220; use_theme_fonts=&#8220;yes&#8220;][\/vc_column][vc_column css_animation=&#8220;fadeIn&#8220; width=&#8220;1\/3&#8243;][vc_custom_heading text=&#8220;Wohnmobil oder Wohnwagen (2 Personen) : 24,60 \u20ac\/Tag + 0,40 \u20ac Aufenthaltstaxe<br \/>\nZus\u00e4tzliche Person : 5 \u20ac\/Tag&#8220; font_container=&#8220;tag:h4|text_align:center&#8220; use_theme_fonts=&#8220;yes&#8220;][\/vc_column][vc_column width=&#8220;1\/3&#8243;][vc_custom_heading text=&#8220;Pods : Mindestmietdauer 2 N\u00e4chte \/ 2 Personen : 150 \u20ac + Aufenthaltstaxe 0,80 \u20ac<br \/>\nChalets : Mindestmietdauer 2 N\u00e4chte \/ 2 Personen : 210 \u20ac + Aufenthaltstaxe 0,80 \u20ac&#8220; font_container=&#8220;tag:h4|text_align:center&#8220; use_theme_fonts=&#8220;yes&#8220;][\/vc_column][\/vc_row][vc_row][vc_column][vc_column_text]<\/p>\n<p style=\"text-align: center;\">All unsere Stellpl\u00e4tze haben eine Mindestfl\u00e4che von 70 m2 und verf\u00fcgen \u00fcber einen Strom- und Kaltwasseranschluss in unmittelbarer N\u00e4he.<\/p>\n<p style=\"text-align: center;\">Haustiere sind auf dem Gel\u00e4nde erlaubt, m\u00fcssen aber angeleint werden.<\/p>\n<p style=\"text-align: center;\">Die Unterk\u00fcnfte sind nicht f\u00fcr Personen mit eingeschr\u00e4nkter Mobilit\u00e4t zug\u00e4nglich.<\/p>\n<p>[\/vc_column_text][\/vc_column][\/vc_row][vc_row css=&#8220;.vc_custom_1517911255469{margin-top: 0px !important;}&#8220;][vc_column css_animation=&#8220;fadeIn&#8220; width=&#8220;1\/2&#8243;]<div class=\"list_item lists_3 clearfix\"><div class=\"list_left list_image\"><img decoding=\"async\" src=\"https:\/\/campingrhodes.fr\/wp-content\/uploads\/2023\/03\/dog-solid.svg\" class=\"scale-with-grid\" alt=\"dog-solid\" width=\"\" height=\"\"\/><\/div><div class=\"list_right\"><div class=\"desc\">Zus\u00e4tzliche pro Hund : 1,50 \u20ac \/ Tag<\/div><\/div><\/div>\n[\/vc_column][vc_column width=&#8220;1\/2&#8243;]<div class=\"list_item lists_3 clearfix\"><div class=\"list_left list_image\"><img decoding=\"async\" src=\"https:\/\/campingrhodes.fr\/wp-content\/uploads\/2023\/03\/ban-smoking-solid.svg\" class=\"scale-with-grid\" alt=\"ban-smoking-solid\" width=\"\" height=\"\"\/><\/div><div class=\"list_right\"><div class=\"desc\">Die Pods und die Chalets sind rauchfrei, Haustiere sind nicht erlaubt.<\/div><\/div><\/div>\n[\/vc_column][\/vc_row][vc_row css=&#8220;.vc_custom_1517914660802{margin-top: 50px !important;margin-bottom: 50px !important;}&#8220;][vc_column][vc_custom_heading text=&#8220;Der Campingplatz bietet Ihnen folgende Infrastrukturen&#8220; font_container=&#8220;tag:h2|text_align:center&#8220; use_theme_fonts=&#8220;yes&#8220;][\/vc_column][\/vc_row][vc_row full_width=&#8220;stretch_row&#8220; css_animation=&#8220;fadeInLeft&#8220; css=&#8220;.vc_custom_1677840464545{background-color: #eeeeee !important;}&#8220;][vc_column width=&#8220;2\/3&#8243;][vc_custom_heading text=&#8220;\u00dcbernachtung in Pods&#8220; font_container=&#8220;tag:h3|text_align:left&#8220; use_theme_fonts=&#8220;yes&#8220;][vc_column_text]Der Campingplatz vermietet 3 Pods, die ideal am Seeufer gelegen sind.[\/vc_column_text][vc_btn title=&#8220;Erfahren Sie mehr&#8220; color=&#8220;green&#8220; link=&#8220;url:%2F%3Fpage_id%3D2372|&#8220;][\/vc_column][vc_column width=&#8220;1\/3&#8243;][vc_single_image image=&#8220;2368&#8243; img_size=&#8220;full&#8220;][\/vc_column][\/vc_row][vc_row full_width=&#8220;stretch_row&#8220; css_animation=&#8220;fadeInLeft&#8220;][vc_column width=&#8220;2\/3&#8243;][vc_custom_heading text=&#8220;Die Unterk\u00fcnfte in Chalets&#8220; font_container=&#8220;tag:h3|text_align:left&#8220; use_theme_fonts=&#8220;yes&#8220;][vc_column_text]Der Campingplatz bietet 2 Chalets mit allem Komfort.[\/vc_column_text][vc_btn title=&#8220;Erfahren Sie mehr&#8220; color=&#8220;green&#8220;][\/vc_column][vc_column width=&#8220;1\/3&#8243;][vc_single_image image=&#8220;3429&#8243; img_size=&#8220;full&#8220;][\/vc_column][\/vc_row][vc_row full_width=&#8220;stretch_row&#8220; css_animation=&#8220;fadeInLeft&#8220; css=&#8220;.vc_custom_1677839614889{background-color: #eeeeee !important;}&#8220;][vc_column width=&#8220;1\/3&#8243;][vc_single_image image=&#8220;2670&#8243; img_size=&#8220;full&#8220;][\/vc_column][vc_column width=&#8220;2\/3&#8243;][vc_custom_heading text=&#8220;Stellpl\u00e4tze f\u00fcr Zelte, Wohnwagen, Wohnmobile&#8220; font_container=&#8220;tag:h3|text_align:left&#8220; use_theme_fonts=&#8220;yes&#8220;][vc_column_text]All unsere Stellpl\u00e4tze haben eine Mindestfl\u00e4che von 70 m2 und verf\u00fcgen \u00fcber einen Strom- und Kaltwasseranschluss in unmittelbarer N\u00e4he.<\/p>\n<p>Au\u00dferdem stehen unseren Campern mobile Picknicktische, ebenso wie ein Kinderspielplatz zur Verf\u00fcgung.[\/vc_column_text][\/vc_column][\/vc_row][vc_row full_width=&#8220;stretch_row&#8220; css_animation=&#8220;fadeInLeft&#8220; css=&#8220;.vc_custom_1677839639491{background-color: #ffffff !important;}&#8220;][vc_column width=&#8220;1\/3&#8243;][vc_single_image image=&#8220;2673&#8243; img_size=&#8220;full&#8220;][\/vc_column][vc_column width=&#8220;2\/3&#8243;][vc_custom_heading text=&#8220;Sanit\u00e4rblock mit Entleerungsstation f\u00fcr Wohnmobile&#8220; font_container=&#8220;tag:h3|text_align:left&#8220; use_theme_fonts=&#8220;yes&#8220;][vc_column_text]Der Sanit\u00e4rblock mit behindertengerechtem Zugang verf\u00fcgt \u00fcber 5 Warmwasserduschen, 4 Toiletten, 2 Urinale, 8 Waschbecken, 2 Sp\u00fclbecken (Warmwasseranschluss in unmittelbarer N\u00e4he)[\/vc_column_text][\/vc_column][\/vc_row][vc_row full_width=&#8220;stretch_row&#8220; css_animation=&#8220;fadeInLeft&#8220; css=&#8220;.vc_custom_1677839691970{background-color: #eeeeee !important;}&#8220;][vc_column width=&#8220;1\/3&#8243;][vc_single_image image=&#8220;2859&#8243; img_size=&#8220;full&#8220;][\/vc_column][vc_column width=&#8220;2\/3&#8243;][vc_custom_heading text=&#8220;Kota-Grill&#8220; font_container=&#8220;tag:h3|text_align:left&#8220; use_theme_fonts=&#8220;yes&#8220;][vc_column_text]Der Kota-Grill mit elektrischer <strong>Plancha-Grillplatte<\/strong> ist ideal f\u00fcr gesellige Momente mit Freunden.[\/vc_column_text][\/vc_column][\/vc_row][vc_row full_width=&#8220;stretch_row&#8220; css_animation=&#8220;fadeInLeft&#8220; css=&#8220;.vc_custom_1677839709285{background-color: #ffffff !important;}&#8220;][vc_column width=&#8220;1\/3&#8243;][vc_single_image image=&#8220;2679&#8243; img_size=&#8220;full&#8220;][\/vc_column][vc_column width=&#8220;2\/3&#8243;][vc_custom_heading text=&#8220;Wasserzugang f\u00fcr Boote&#8220; font_container=&#8220;tag:h3|text_align:left&#8220; use_theme_fonts=&#8220;yes&#8220;][vc_column_text]Der Campingplatz verf\u00fcgt \u00fcber einen Bootsanleger sowie Pontons zur Miete.<\/p>\n<p>Die Nutzung des Bootsanlegers kostet 20 \u20ac (10 \u20ac Einwassern + 10 \u20ac Auswassern)[\/vc_column_text][vc_btn title=&#8220;Erfahren Sie mehr&#8220; color=&#8220;green&#8220; link=&#8220;url:%2F%3Fpage_id%3D2375|&#8220;][\/vc_column][\/vc_row][vc_row][vc_column width=&#8220;1\/2&#8243;][vc_message message_box_style=&#8220;solid-icon&#8220; style=&#8220;square&#8220; message_box_color=&#8220;blue&#8220; css_animation=&#8220;slideInRight&#8220;]<\/p>\n<p style=\"text-align: center;\"><strong>Dienstleistungen in Rhodes:<\/strong><\/p>\n<ul>\n<li>B\u00e4ckerei-Lebensmittelgesch\u00e4ft &#8211; t\u00e4glich ge\u00f6ffnet im Juli \u2013 August von 8 bis 12 Uhr, sowie jedes Wochenende von April bis September.<\/li>\n<li>B\u00e4ckerwagen t\u00e4glich au\u00dfer Montag gegen 9 Uhr vor dem Campingplatz.<\/li>\n<li>Bars, Restaurants:<br \/>\nEuropean Nautic, Rue de l&#8217;\u00c9tang<br \/>\nRestaurant Les Paquis, All\u00e9e des Comtes de Rod\u00e9<\/li>\n<\/ul>\n<p>[\/vc_message][\/vc_column][vc_column width=&#8220;1\/2&#8243;][vc_cta h2=&#8220;Ich bin interessiert!&#8220; txt_align=&#8220;center&#8220; shape=&#8220;square&#8220; style=&#8220;flat&#8220; color=&#8220;sky&#8220; add_button=&#8220;bottom&#8220; btn_title=&#8220;Reservieren&#8220; btn_style=&#8220;outline&#8220; btn_color=&#8220;white&#8220; btn_size=&#8220;lg&#8220; btn_align=&#8220;center&#8220; btn_css_animation=&#8220;zoomIn&#8220; css_animation=&#8220;fadeInRight&#8220; btn_link=&#8220;url:%2F%3Fpage_id%3D2297|&#8220;]Kontaktieren Sie uns f\u00fcr weitere Informationen oder um Ihren Stellplatz zu reservieren.[\/vc_cta][\/vc_column][\/vc_row]<\/p>\n<\/div>","protected":false},"excerpt":{"rendered":"<p>[vc_row css=&#8220;.vc_custom_1517914660802{margin-top: 50px !important;margin-bottom: 50px !important;}&#8220;][vc_column][vc_custom_heading text=&#8220;Ein Campingplatz inmitten der Natur, direkt am Seeufer&#8220; font_container=&#8220;tag:h2|text_align:center&#8220; use_theme_fonts=&#8220;yes&#8220;][vc_column_text] Unser Campingplatz bietet 29 Stellpl\u00e4tze mit mindestens 70m2 f\u00fcr Wohnmobil,<span class=\"excerpt-hellip\"> [\u2026]<\/span><\/p>\n","protected":false},"author":2,"featured_media":0,"parent":0,"menu_order":0,"comment_status":"closed","ping_status":"closed","template":"","meta":{"_exactmetrics_skip_tracking":false,"_exactmetrics_sitenote_active":false,"_exactmetrics_sitenote_note":"","_exactmetrics_sitenote_category":0,"footnotes":""},"class_list":["post-3109","page","type-page","status-publish","hentry"],"yoast_head":"<!-- This site is optimized with the Yoast SEO plugin v27.4 - https:\/\/yoast.com\/product\/yoast-seo-wordpress\/ -->\n<title>Der Campingplatz - Camping de Rhodes<\/title>\n<meta name=\"description\" content=\"Notre camping dispose de 30 emplacements de 70m2 minimum, pour camping car, caravane, ou tente.Nous vous proposons \u00e9galement 3 h\u00e9bergements insolites PODS\" \/>\n<meta name=\"robots\" content=\"index, follow, max-snippet:-1, max-image-preview:large, max-video-preview:-1\" \/>\n<link rel=\"canonical\" href=\"https:\/\/www.campingrhodes.fr\/de\/der-campingplatz\/\" \/>\n<meta property=\"og:locale\" content=\"de_DE\" \/>\n<meta property=\"og:type\" content=\"article\" \/>\n<meta property=\"og:title\" content=\"Der Campingplatz - Camping de Rhodes\" \/>\n<meta property=\"og:description\" content=\"Notre camping dispose de 30 emplacements de 70m2 minimum, pour camping car, caravane, ou tente.Nous vous proposons \u00e9galement 3 h\u00e9bergements insolites PODS\" \/>\n<meta property=\"og:url\" content=\"https:\/\/www.campingrhodes.fr\/de\/der-campingplatz\/\" \/>\n<meta property=\"og:site_name\" content=\"Camping de Rhodes\" \/>\n<meta property=\"article:publisher\" content=\"https:\/\/www.facebook.com\/camping.rhodes\/\" \/>\n<meta property=\"article:modified_time\" content=\"2025-02-02T19:44:31+00:00\" \/>\n<meta name=\"twitter:card\" content=\"summary_large_image\" \/>\n<meta name=\"twitter:label1\" content=\"Gesch\u00e4tzte Lesezeit\" \/>\n\t<meta name=\"twitter:data1\" content=\"3\u00a0Minuten\" \/>\n<script type=\"application\/ld+json\" class=\"yoast-schema-graph\">{\"@context\":\"https:\\\/\\\/schema.org\",\"@graph\":[{\"@type\":\"WebPage\",\"@id\":\"https:\\\/\\\/www.campingrhodes.fr\\\/de\\\/der-campingplatz\\\/\",\"url\":\"https:\\\/\\\/www.campingrhodes.fr\\\/de\\\/der-campingplatz\\\/\",\"name\":\"Der Campingplatz - Camping de Rhodes\",\"isPartOf\":{\"@id\":\"https:\\\/\\\/www.campingrhodes.fr\\\/#website\"},\"datePublished\":\"2018-03-23T12:14:11+00:00\",\"dateModified\":\"2025-02-02T19:44:31+00:00\",\"description\":\"Notre camping dispose de 30 emplacements de 70m2 minimum, pour camping car, caravane, ou tente.Nous vous proposons \u00e9galement 3 h\u00e9bergements insolites PODS\",\"breadcrumb\":{\"@id\":\"https:\\\/\\\/www.campingrhodes.fr\\\/de\\\/der-campingplatz\\\/#breadcrumb\"},\"inLanguage\":\"de\",\"potentialAction\":[{\"@type\":\"ReadAction\",\"target\":[\"https:\\\/\\\/www.campingrhodes.fr\\\/de\\\/der-campingplatz\\\/\"]}]},{\"@type\":\"BreadcrumbList\",\"@id\":\"https:\\\/\\\/www.campingrhodes.fr\\\/de\\\/der-campingplatz\\\/#breadcrumb\",\"itemListElement\":[{\"@type\":\"ListItem\",\"position\":1,\"name\":\"Accueil\",\"item\":\"https:\\\/\\\/campingrhodes.fr\\\/de\\\/\"},{\"@type\":\"ListItem\",\"position\":2,\"name\":\"Der Campingplatz\"}]},{\"@type\":\"WebSite\",\"@id\":\"https:\\\/\\\/www.campingrhodes.fr\\\/#website\",\"url\":\"https:\\\/\\\/www.campingrhodes.fr\\\/\",\"name\":\"Camping de Rhodes - Etang du Stock\",\"description\":\"camping en moselle au bord de l&#039;eau\",\"potentialAction\":[{\"@type\":\"SearchAction\",\"target\":{\"@type\":\"EntryPoint\",\"urlTemplate\":\"https:\\\/\\\/www.campingrhodes.fr\\\/?s={search_term_string}\"},\"query-input\":{\"@type\":\"PropertyValueSpecification\",\"valueRequired\":true,\"valueName\":\"search_term_string\"}}],\"inLanguage\":\"de\"}]}<\/script>\n<!-- \/ Yoast SEO plugin. -->","yoast_head_json":{"title":"Der Campingplatz - Camping de Rhodes","description":"Notre camping dispose de 30 emplacements de 70m2 minimum, pour camping car, caravane, ou tente.Nous vous proposons \u00e9galement 3 h\u00e9bergements insolites PODS","robots":{"index":"index","follow":"follow","max-snippet":"max-snippet:-1","max-image-preview":"max-image-preview:large","max-video-preview":"max-video-preview:-1"},"canonical":"https:\/\/www.campingrhodes.fr\/de\/der-campingplatz\/","og_locale":"de_DE","og_type":"article","og_title":"Der Campingplatz - Camping de Rhodes","og_description":"Notre camping dispose de 30 emplacements de 70m2 minimum, pour camping car, caravane, ou tente.Nous vous proposons \u00e9galement 3 h\u00e9bergements insolites PODS","og_url":"https:\/\/www.campingrhodes.fr\/de\/der-campingplatz\/","og_site_name":"Camping de Rhodes","article_publisher":"https:\/\/www.facebook.com\/camping.rhodes\/","article_modified_time":"2025-02-02T19:44:31+00:00","twitter_card":"summary_large_image","twitter_misc":{"Gesch\u00e4tzte Lesezeit":"3\u00a0Minuten"},"schema":{"@context":"https:\/\/schema.org","@graph":[{"@type":"WebPage","@id":"https:\/\/www.campingrhodes.fr\/de\/der-campingplatz\/","url":"https:\/\/www.campingrhodes.fr\/de\/der-campingplatz\/","name":"Der Campingplatz - Camping de Rhodes","isPartOf":{"@id":"https:\/\/www.campingrhodes.fr\/#website"},"datePublished":"2018-03-23T12:14:11+00:00","dateModified":"2025-02-02T19:44:31+00:00","description":"Notre camping dispose de 30 emplacements de 70m2 minimum, pour camping car, caravane, ou tente.Nous vous proposons \u00e9galement 3 h\u00e9bergements insolites PODS","breadcrumb":{"@id":"https:\/\/www.campingrhodes.fr\/de\/der-campingplatz\/#breadcrumb"},"inLanguage":"de","potentialAction":[{"@type":"ReadAction","target":["https:\/\/www.campingrhodes.fr\/de\/der-campingplatz\/"]}]},{"@type":"BreadcrumbList","@id":"https:\/\/www.campingrhodes.fr\/de\/der-campingplatz\/#breadcrumb","itemListElement":[{"@type":"ListItem","position":1,"name":"Accueil","item":"https:\/\/campingrhodes.fr\/de\/"},{"@type":"ListItem","position":2,"name":"Der Campingplatz"}]},{"@type":"WebSite","@id":"https:\/\/www.campingrhodes.fr\/#website","url":"https:\/\/www.campingrhodes.fr\/","name":"Camping de Rhodes - Etang du Stock","description":"camping en moselle au bord de l&#039;eau","potentialAction":[{"@type":"SearchAction","target":{"@type":"EntryPoint","urlTemplate":"https:\/\/www.campingrhodes.fr\/?s={search_term_string}"},"query-input":{"@type":"PropertyValueSpecification","valueRequired":true,"valueName":"search_term_string"}}],"inLanguage":"de"}]}},"_links":{"self":[{"href":"https:\/\/campingrhodes.fr\/de\/wp-json\/wp\/v2\/pages\/3109","targetHints":{"allow":["GET"]}}],"collection":[{"href":"https:\/\/campingrhodes.fr\/de\/wp-json\/wp\/v2\/pages"}],"about":[{"href":"https:\/\/campingrhodes.fr\/de\/wp-json\/wp\/v2\/types\/page"}],"author":[{"embeddable":true,"href":"https:\/\/campingrhodes.fr\/de\/wp-json\/wp\/v2\/users\/2"}],"replies":[{"embeddable":true,"href":"https:\/\/campingrhodes.fr\/de\/wp-json\/wp\/v2\/comments?post=3109"}],"version-history":[{"count":53,"href":"https:\/\/campingrhodes.fr\/de\/wp-json\/wp\/v2\/pages\/3109\/revisions"}],"predecessor-version":[{"id":3730,"href":"https:\/\/campingrhodes.fr\/de\/wp-json\/wp\/v2\/pages\/3109\/revisions\/3730"}],"wp:attachment":[{"href":"https:\/\/campingrhodes.fr\/de\/wp-json\/wp\/v2\/media?parent=3109"}],"curies":[{"name":"wp","href":"https:\/\/api.w.org\/{rel}","templated":true}]}}