{"id":3082,"date":"2018-03-23T11:50:59","date_gmt":"2018-03-23T11:50:59","guid":{"rendered":"https:\/campingplatz-rhodes-home\/"},"modified":"2026-04-01T07:51:19","modified_gmt":"2026-04-01T07:51:19","slug":"campingplatz-rhodes-home-2","status":"publish","type":"page","link":"https:\/\/campingrhodes.fr\/de\/","title":{"rendered":"Campingplatz Rhodes &#8211; Home"},"content":{"rendered":"<div class=\"wpb-content-wrapper\"><p>[vc_row css=&#8220;.vc_custom_1517914660802{margin-top: 50px !important;margin-bottom: 50px !important;}&#8220;][vc_column][vc_message message_box_style=&#8220;solid-icon&#8220; message_box_color=&#8220;danger&#8220; css_animation=&#8220;bounceInUp&#8220; css=&#8220;&#8220;]<\/p>\n<h1 style=\"text-align: center;\"><span style=\"color: #993366;\"><strong>Der Campingplatz ist von Mittwoch, dem 1 April bis Sonntag, dem 18 Oktober 2026 ge\u00f6ffnet<\/strong><\/span><\/h1>\n<h2 style=\"text-align: center;\"><\/h2>\n<p>[\/vc_message][vc_custom_heading text=&#8220;Willkommen auf dem Campingplatz Rhodes&#8220; font_container=&#8220;tag:h2|text_align:center&#8220; use_theme_fonts=&#8220;yes&#8220;][vc_column_text]Wir hei\u00dfen Sie vom 1. April bis 19. Oktober auf unserem <strong>Campingplatz<\/strong>** mit Wohnmobil, Wohnwagen oder Zelt willkommen. Gerne k\u00f6nnen Sie bei uns auch in einem POD (Holzh\u00fctte am Seeufer) \u00fcbernachten oder in einem CHALET mit allem Komfort.<\/p>\n<p>Unser Campingplatz liegt auf einer Halbinsel am Ufer des (700 Hektar gro\u00dfen) <strong>Stockweihers<\/strong>, 2 km vom Tierpark Sainte Croix, 15 km von Sarrebourg, im Gebiet zwischen Stra\u00dfburg, Nancy, Metz und Saarbr\u00fccken.[\/vc_column_text][\/vc_column][\/vc_row][vc_row disable_element=&#8220;yes&#8220; css=&#8220;.vc_custom_1532077465507{margin-top: 0px !important;margin-bottom: 0px !important;padding-top: 0px !important;padding-bottom: 0px !important;}&#8220;][vc_column][vc_custom_heading text=&#8220;letzte Nachrichten&#8220; font_container=&#8220;tag:h4|text_align:left&#8220;][vc_masonry_grid post_type=&#8220;post&#8220; max_items=&#8220;1&#8243; element_width=&#8220;12&#8243; grid_id=&#8220;vc_gid:1775029791696-60909841-44a2-4&#8243; taxonomies=&#8220;7&#8243; el_id=&#8220;posts-accueil&#8220;][\/vc_column][\/vc_row][vc_row css=&#8220;.vc_custom_1517918267300{margin-top: 50px !important;margin-bottom: 20px !important;}&#8220;][vc_column width=&#8220;1\/3&#8243;]<div class=\"trailer_box \"><a href=\"https:\/de\/der-campingplatz\/\"  title=\"\"><img loading=\"lazy\" decoding=\"async\" class=\"scale-with-grid\" src=\"https:\/\/campingrhodes.fr\/wp-content\/uploads\/2018\/02\/accueil_camping.jpg\" alt=\"accueil_camping\" width=\"900\" height=\"700\"\/><div class=\"desc\"><div class=\"subtitle\">EIN ORT DER ENTSPANNUNG<\/div><h2 class=\"title \">Der Campingplatz<\/h2><div class=\"line\"><\/div><\/div><\/a><\/div>\n[\/vc_column][vc_column width=&#8220;1\/3&#8243;]<div class=\"trailer_box \"><a href=\"https:\/de\/ungewohnliche-unterkunfte\/\"  title=\"\"><img loading=\"lazy\" decoding=\"async\" class=\"scale-with-grid\" src=\"https:\/\/campingrhodes.fr\/wp-content\/uploads\/2018\/02\/accueil_insolites.jpg\" alt=\"accueil_insolites\" width=\"900\" height=\"700\"\/><div class=\"desc\"><div class=\"subtitle\">UNGEW\u00d6HNLICHE UNTERK\u00dcNFTE<\/div><h2 class=\"title \">Die Pods<\/h2><div class=\"line\"><\/div><\/div><\/a><\/div>\n[\/vc_column][vc_column width=&#8220;1\/3&#8243;]<div class=\"trailer_box \"><a href=\"https:\/de\/ungewohnliche-unterkunfte-die-chalets\/\"  title=\"\"><img loading=\"lazy\" decoding=\"async\" class=\"scale-with-grid\" src=\"https:\/\/campingrhodes.fr\/wp-content\/uploads\/2022\/10\/chalet-vue-terrasse-scaled.jpg\" alt=\"chalet vue terrasse\" width=\"2560\" height=\"1707\"\/><div class=\"desc\"><div class=\"subtitle\">UNGEW\u00d6HNLICHE UNTERK\u00dcNFTE<\/div><h2 class=\"title \">Die Chalets mit allem Komfort<\/h2><div class=\"line\"><\/div><\/div><\/a><\/div>\n[\/vc_column][\/vc_row][vc_row css=&#8220;.vc_custom_1517914660802{margin-top: 50px !important;margin-bottom: 50px !important;}&#8220;][vc_column width=&#8220;1\/3&#8243;]<div class=\"trailer_box \"><a href=\"https:\/de\/die-pontons\/\"  title=\"\"><img loading=\"lazy\" decoding=\"async\" class=\"scale-with-grid\" src=\"https:\/\/campingrhodes.fr\/wp-content\/uploads\/2018\/02\/pontons_head-1.jpg\" alt=\"pontons_head\" width=\"1920\" height=\"700\"\/><div class=\"desc\"><div class=\"subtitle\">DIE FREUDEN DES WASSER<\/div><h2 class=\"title \">See und Pontons<\/h2><div class=\"line\"><\/div><\/div><\/a><\/div>\n[\/vc_column][vc_column width=&#8220;1\/3&#8243;]<div class=\"trailer_box \"><a href=\"https:\/de\/die-aktivitaten\/\"  title=\"\"><img loading=\"lazy\" decoding=\"async\" class=\"scale-with-grid\" src=\"https:\/\/campingrhodes.fr\/wp-content\/uploads\/2018\/02\/entree-activites.jpg\" alt=\"entree-activites\" width=\"900\" height=\"700\"\/><div class=\"desc\"><div class=\"subtitle\">SPASS OHNE ENDE<\/div><h2 class=\"title \">Aktivit\u00e4ten<\/h2><div class=\"line\"><\/div><\/div><\/a><\/div>\n<div class=\"trailer_box \"><a href=\"https:\/de\/wegbeschreibung\/\"  title=\"\"><img loading=\"lazy\" decoding=\"async\" class=\"scale-with-grid\" src=\"https:\/\/campingrhodes.fr\/wp-content\/uploads\/2018\/02\/syrendre_head.jpg\" alt=\"syrendre_head\" width=\"1920\" height=\"700\"\/><div class=\"desc\"><div class=\"subtitle\">DAMIT SIE NICHT DIE ORIENTIERUNG VERLIEREN<\/div><h2 class=\"title \">Wegbeschreibung<\/h2><div class=\"line\"><\/div><\/div><\/a><\/div>\n[\/vc_column][vc_column width=&#8220;1\/3&#8243;]<div class=\"trailer_box \"><a href=\"https:\/de\/der-campingplatz\/\"  title=\"\"><img loading=\"lazy\" decoding=\"async\" class=\"scale-with-grid\" src=\"https:\/\/campingrhodes.fr\/wp-content\/uploads\/2018\/02\/accueil_infrastructures-1.jpg\" alt=\"accueil_infrastructures\" width=\"900\" height=\"700\"\/><div class=\"desc\"><div class=\"subtitle\">ALLES F\u00dcR IHREN KOMFORT<\/div><h2 class=\"title \">Die Infrastrukturen<\/h2><div class=\"line\"><\/div><\/div><\/a><\/div>\n[\/vc_column][\/vc_row][vc_row][vc_column][vc_cta h2=&#8220;Ich bin interessiert!&#8220; txt_align=&#8220;center&#8220; shape=&#8220;square&#8220; style=&#8220;flat&#8220; color=&#8220;sky&#8220; add_button=&#8220;bottom&#8220; btn_title=&#8220;Ich reserviere&#8220; btn_style=&#8220;outline&#8220; btn_color=&#8220;white&#8220; btn_size=&#8220;lg&#8220; btn_align=&#8220;center&#8220; btn_css_animation=&#8220;zoomIn&#8220; css_animation=&#8220;fadeInRight&#8220; btn_link=&#8220;url:https%3A%2Fde%2Freservierung%2F|&#8220;]Kontaktieren Sie uns f\u00fcr weitere Informationen oder um Ihren Stellplatz zu reservieren.[\/vc_cta][\/vc_column][\/vc_row]<\/p>\n<\/div>","protected":false},"excerpt":{"rendered":"<p>[vc_row css=&#8220;.vc_custom_1517914660802{margin-top: 50px !important;margin-bottom: 50px !important;}&#8220;][vc_column][vc_message message_box_style=&#8220;solid-icon&#8220; message_box_color=&#8220;danger&#8220; css_animation=&#8220;bounceInUp&#8220; css=&#8220;&#8220;] Der Campingplatz ist von Mittwoch, dem 1 April bis Sonntag, dem 18 Oktober 2026 ge\u00f6ffnet [\/vc_message][vc_custom_heading<span class=\"excerpt-hellip\"> [\u2026]<\/span><\/p>\n","protected":false},"author":2,"featured_media":-1,"parent":0,"menu_order":0,"comment_status":"closed","ping_status":"closed","template":"","meta":{"_exactmetrics_skip_tracking":false,"_exactmetrics_sitenote_active":false,"_exactmetrics_sitenote_note":"","_exactmetrics_sitenote_category":0,"footnotes":""},"class_list":["post-3082","page","type-page","status-publish","has-post-thumbnail","hentry"],"yoast_head":"<!-- This site is optimized with the Yoast SEO plugin v27.4 - https:\/\/yoast.com\/product\/yoast-seo-wordpress\/ -->\n<title>Campingplatz Rhodes - Home 57<\/title>\n<meta name=\"description\" content=\"Au bord de l&#039;\u00e9tang du Stock, le Camping de Rhodes accueuille tentes, caravanes, camping-cars, Vous propose h\u00e9bergements en POD et acc\u00e8s aux pontons de p\u00eache\" \/>\n<meta name=\"robots\" content=\"index, follow, max-snippet:-1, max-image-preview:large, max-video-preview:-1\" \/>\n<link rel=\"canonical\" href=\"https:\/\/campingrhodes.fr\/de\/\" \/>\n<meta property=\"og:locale\" content=\"de_DE\" \/>\n<meta property=\"og:type\" content=\"article\" \/>\n<meta property=\"og:title\" content=\"Campingplatz Rhodes - Home 57\" \/>\n<meta property=\"og:description\" content=\"Au bord de l&#039;\u00e9tang du Stock, le Camping de Rhodes accueuille tentes, caravanes, camping-cars, Vous propose h\u00e9bergements en POD et acc\u00e8s aux pontons de p\u00eache\" \/>\n<meta property=\"og:url\" content=\"https:\/\/campingrhodes.fr\/de\/\" \/>\n<meta property=\"og:site_name\" content=\"Camping de Rhodes\" \/>\n<meta property=\"article:publisher\" content=\"https:\/\/www.facebook.com\/camping.rhodes\/\" \/>\n<meta property=\"article:modified_time\" content=\"2026-04-01T07:51:19+00:00\" \/>\n<meta name=\"twitter:card\" content=\"summary_large_image\" \/>\n<meta name=\"twitter:label1\" content=\"Gesch\u00e4tzte Lesezeit\" \/>\n\t<meta name=\"twitter:data1\" content=\"3\u00a0Minuten\" \/>\n<script type=\"application\/ld+json\" class=\"yoast-schema-graph\">{\"@context\":\"https:\\\/\\\/schema.org\",\"@graph\":[{\"@type\":\"WebPage\",\"@id\":\"https:\\\/\\\/campingrhodes.fr\\\/de\\\/\",\"url\":\"https:\\\/\\\/campingrhodes.fr\\\/de\\\/\",\"name\":\"Campingplatz Rhodes - Home 57\",\"isPartOf\":{\"@id\":\"https:\\\/\\\/www.campingrhodes.fr\\\/#website\"},\"datePublished\":\"2018-03-23T11:50:59+00:00\",\"dateModified\":\"2026-04-01T07:51:19+00:00\",\"description\":\"Au bord de l'\u00e9tang du Stock, le Camping de Rhodes accueuille tentes, caravanes, camping-cars, Vous propose h\u00e9bergements en POD et acc\u00e8s aux pontons de p\u00eache\",\"breadcrumb\":{\"@id\":\"https:\\\/\\\/campingrhodes.fr\\\/de\\\/#breadcrumb\"},\"inLanguage\":\"de\",\"potentialAction\":[{\"@type\":\"ReadAction\",\"target\":[\"https:\\\/\\\/campingrhodes.fr\\\/de\\\/\"]}]},{\"@type\":\"BreadcrumbList\",\"@id\":\"https:\\\/\\\/campingrhodes.fr\\\/de\\\/#breadcrumb\",\"itemListElement\":[{\"@type\":\"ListItem\",\"position\":1,\"name\":\"Accueil\",\"item\":\"https:\\\/\\\/campingrhodes.fr\\\/de\\\/\"},{\"@type\":\"ListItem\",\"position\":2,\"name\":\"Campingplatz Rhodes &#8211; Home\"}]},{\"@type\":\"WebSite\",\"@id\":\"https:\\\/\\\/www.campingrhodes.fr\\\/#website\",\"url\":\"https:\\\/\\\/www.campingrhodes.fr\\\/\",\"name\":\"Camping de Rhodes - Etang du Stock\",\"description\":\"camping en moselle au bord de l&#039;eau\",\"potentialAction\":[{\"@type\":\"SearchAction\",\"target\":{\"@type\":\"EntryPoint\",\"urlTemplate\":\"https:\\\/\\\/www.campingrhodes.fr\\\/?s={search_term_string}\"},\"query-input\":{\"@type\":\"PropertyValueSpecification\",\"valueRequired\":true,\"valueName\":\"search_term_string\"}}],\"inLanguage\":\"de\"}]}<\/script>\n<!-- \/ Yoast SEO plugin. -->","yoast_head_json":{"title":"Campingplatz Rhodes - Home 57","description":"Au bord de l'\u00e9tang du Stock, le Camping de Rhodes accueuille tentes, caravanes, camping-cars, Vous propose h\u00e9bergements en POD et acc\u00e8s aux pontons de p\u00eache","robots":{"index":"index","follow":"follow","max-snippet":"max-snippet:-1","max-image-preview":"max-image-preview:large","max-video-preview":"max-video-preview:-1"},"canonical":"https:\/\/campingrhodes.fr\/de\/","og_locale":"de_DE","og_type":"article","og_title":"Campingplatz Rhodes - Home 57","og_description":"Au bord de l'\u00e9tang du Stock, le Camping de Rhodes accueuille tentes, caravanes, camping-cars, Vous propose h\u00e9bergements en POD et acc\u00e8s aux pontons de p\u00eache","og_url":"https:\/\/campingrhodes.fr\/de\/","og_site_name":"Camping de Rhodes","article_publisher":"https:\/\/www.facebook.com\/camping.rhodes\/","article_modified_time":"2026-04-01T07:51:19+00:00","twitter_card":"summary_large_image","twitter_misc":{"Gesch\u00e4tzte Lesezeit":"3\u00a0Minuten"},"schema":{"@context":"https:\/\/schema.org","@graph":[{"@type":"WebPage","@id":"https:\/\/campingrhodes.fr\/de\/","url":"https:\/\/campingrhodes.fr\/de\/","name":"Campingplatz Rhodes - Home 57","isPartOf":{"@id":"https:\/\/www.campingrhodes.fr\/#website"},"datePublished":"2018-03-23T11:50:59+00:00","dateModified":"2026-04-01T07:51:19+00:00","description":"Au bord de l'\u00e9tang du Stock, le Camping de Rhodes accueuille tentes, caravanes, camping-cars, Vous propose h\u00e9bergements en POD et acc\u00e8s aux pontons de p\u00eache","breadcrumb":{"@id":"https:\/\/campingrhodes.fr\/de\/#breadcrumb"},"inLanguage":"de","potentialAction":[{"@type":"ReadAction","target":["https:\/\/campingrhodes.fr\/de\/"]}]},{"@type":"BreadcrumbList","@id":"https:\/\/campingrhodes.fr\/de\/#breadcrumb","itemListElement":[{"@type":"ListItem","position":1,"name":"Accueil","item":"https:\/\/campingrhodes.fr\/de\/"},{"@type":"ListItem","position":2,"name":"Campingplatz Rhodes &#8211; Home"}]},{"@type":"WebSite","@id":"https:\/\/www.campingrhodes.fr\/#website","url":"https:\/\/www.campingrhodes.fr\/","name":"Camping de Rhodes - Etang du Stock","description":"camping en moselle au bord de l&#039;eau","potentialAction":[{"@type":"SearchAction","target":{"@type":"EntryPoint","urlTemplate":"https:\/\/www.campingrhodes.fr\/?s={search_term_string}"},"query-input":{"@type":"PropertyValueSpecification","valueRequired":true,"valueName":"search_term_string"}}],"inLanguage":"de"}]}},"_links":{"self":[{"href":"https:\/\/campingrhodes.fr\/de\/wp-json\/wp\/v2\/pages\/3082","targetHints":{"allow":["GET"]}}],"collection":[{"href":"https:\/\/campingrhodes.fr\/de\/wp-json\/wp\/v2\/pages"}],"about":[{"href":"https:\/\/campingrhodes.fr\/de\/wp-json\/wp\/v2\/types\/page"}],"author":[{"embeddable":true,"href":"https:\/\/campingrhodes.fr\/de\/wp-json\/wp\/v2\/users\/2"}],"replies":[{"embeddable":true,"href":"https:\/\/campingrhodes.fr\/de\/wp-json\/wp\/v2\/comments?post=3082"}],"version-history":[{"count":63,"href":"https:\/\/campingrhodes.fr\/de\/wp-json\/wp\/v2\/pages\/3082\/revisions"}],"predecessor-version":[{"id":3793,"href":"https:\/\/campingrhodes.fr\/de\/wp-json\/wp\/v2\/pages\/3082\/revisions\/3793"}],"wp:featuredmedia":[{"embeddable":true,"href":"https:\/\/campingrhodes.fr\/de\/wp-json\/"}],"wp:attachment":[{"href":"https:\/\/campingrhodes.fr\/de\/wp-json\/wp\/v2\/media?parent=3082"}],"curies":[{"name":"wp","href":"https:\/\/api.w.org\/{rel}","templated":true}]}}